{"id":145,"date":"2015-10-07T10:07:54","date_gmt":"2015-10-07T10:07:54","guid":{"rendered":"http:\/\/www.pinypon.es\/br\/?page_id=145"},"modified":"2016-07-19T07:32:01","modified_gmt":"2016-07-19T07:32:01","slug":"actividade","status":"publish","type":"page","link":"https:\/\/www.pinypon.es\/br\/actividade\/","title":{"rendered":"Actividade"},"content":{"rendered":"<p>Descubra v\u00e1rias atividades divertidas para se fazer com Pinypon. H\u00e1 diversos conte\u00fados e atividades para baixar de Pinypon. Baixe receitas deliciosas, materiais para fazer uma animada festa Pinypon, jogos e tamb\u00e9m novos acess\u00f3rios para bonecas Pinypon. Descubra voc\u00ea mesma quanta divers\u00e3o se pode ter brincando com Pinypon.<\/p>\n","protected":false},"excerpt":{"rendered":"<p>Descubra v\u00e1rias atividades divertidas para se fazer com Pinypon. H\u00e1 diversos conte\u00fados e atividades para baixar de Pinypon. Baixe receitas deliciosas, materiais para fazer uma animada festa Pinypon, jogos e tamb\u00e9m novos acess\u00f3rios para bonecas Pinypon. Descubra voc\u00ea mesma quanta divers\u00e3o se pode ter brincando com Pinypon.<\/p>\n","protected":false},"author":1,"featured_media":0,"parent":0,"menu_order":0,"comment_status":"closed","ping_status":"closed","template":"page-actividades.php","meta":[],"yoast_head":"<!-- This site is optimized with the Yoast SEO plugin v16.0.2 - https:\/\/yoast.com\/wordpress\/plugins\/seo\/ -->\n<title>Actividade - Pinypon Brasil<\/title>\n<link rel=\"canonical\" href=\"https:\/\/www.pinypon.es\/br\/actividade\/\" \/>\n<meta property=\"og:locale\" content=\"pt_BR\" \/>\n<meta property=\"og:type\" content=\"article\" \/>\n<meta property=\"og:title\" content=\"Actividade - Pinypon Brasil\" \/>\n<meta property=\"og:description\" content=\"Descubra v\u00e1rias atividades divertidas para se fazer com Pinypon. H\u00e1 diversos conte\u00fados e atividades para baixar de Pinypon. Baixe receitas deliciosas, materiais para fazer uma animada festa Pinypon, jogos e tamb\u00e9m novos acess\u00f3rios para bonecas Pinypon. Descubra voc\u00ea mesma quanta divers\u00e3o se pode ter brincando com Pinypon.\" \/>\n<meta property=\"og:url\" content=\"https:\/\/www.pinypon.es\/br\/actividade\/\" \/>\n<meta property=\"og:site_name\" content=\"Pinypon Brasil\" \/>\n<meta property=\"article:modified_time\" content=\"2016-07-19T07:32:01+00:00\" \/>\n<meta name=\"twitter:card\" content=\"summary\" \/>\n<script type=\"application\/ld+json\" class=\"yoast-schema-graph\">{\"@context\":\"https:\/\/schema.org\",\"@graph\":[{\"@type\":\"WebSite\",\"@id\":\"https:\/\/www.pinypon.es\/br\/#website\",\"url\":\"https:\/\/www.pinypon.es\/br\/\",\"name\":\"Pinypon Brasil\",\"description\":\"Otro sitio realizado con WordPress\",\"potentialAction\":[{\"@type\":\"SearchAction\",\"target\":\"https:\/\/www.pinypon.es\/br\/?s={search_term_string}\",\"query-input\":\"required name=search_term_string\"}],\"inLanguage\":\"pt-BR\"},{\"@type\":\"WebPage\",\"@id\":\"https:\/\/www.pinypon.es\/br\/actividade\/#webpage\",\"url\":\"https:\/\/www.pinypon.es\/br\/actividade\/\",\"name\":\"Actividade - Pinypon Brasil\",\"isPartOf\":{\"@id\":\"https:\/\/www.pinypon.es\/br\/#website\"},\"datePublished\":\"2015-10-07T10:07:54+00:00\",\"dateModified\":\"2016-07-19T07:32:01+00:00\",\"breadcrumb\":{\"@id\":\"https:\/\/www.pinypon.es\/br\/actividade\/#breadcrumb\"},\"inLanguage\":\"pt-BR\",\"potentialAction\":[{\"@type\":\"ReadAction\",\"target\":[\"https:\/\/www.pinypon.es\/br\/actividade\/\"]}]},{\"@type\":\"BreadcrumbList\",\"@id\":\"https:\/\/www.pinypon.es\/br\/actividade\/#breadcrumb\",\"itemListElement\":[{\"@type\":\"ListItem\",\"position\":1,\"item\":{\"@type\":\"WebPage\",\"@id\":\"https:\/\/www.pinypon.es\/br\/\",\"url\":\"https:\/\/www.pinypon.es\/br\/\",\"name\":\"Portada\"}},{\"@type\":\"ListItem\",\"position\":2,\"item\":{\"@type\":\"WebPage\",\"@id\":\"https:\/\/www.pinypon.es\/br\/actividade\/\",\"url\":\"https:\/\/www.pinypon.es\/br\/actividade\/\",\"name\":\"Actividade\"}}]}]}<\/script>\n<!-- \/ Yoast SEO plugin. -->","_links":{"self":[{"href":"https:\/\/www.pinypon.es\/br\/wp-json\/wp\/v2\/pages\/145"}],"collection":[{"href":"https:\/\/www.pinypon.es\/br\/wp-json\/wp\/v2\/pages"}],"about":[{"href":"https:\/\/www.pinypon.es\/br\/wp-json\/wp\/v2\/types\/page"}],"author":[{"embeddable":true,"href":"https:\/\/www.pinypon.es\/br\/wp-json\/wp\/v2\/users\/1"}],"replies":[{"embeddable":true,"href":"https:\/\/www.pinypon.es\/br\/wp-json\/wp\/v2\/comments?post=145"}],"version-history":[{"count":5,"href":"https:\/\/www.pinypon.es\/br\/wp-json\/wp\/v2\/pages\/145\/revisions"}],"predecessor-version":[{"id":662,"href":"https:\/\/www.pinypon.es\/br\/wp-json\/wp\/v2\/pages\/145\/revisions\/662"}],"wp:attachment":[{"href":"https:\/\/www.pinypon.es\/br\/wp-json\/wp\/v2\/media?parent=145"}],"curies":[{"name":"wp","href":"https:\/\/api.w.org\/{rel}","templated":true}]}}