{"id":145,"date":"2015-10-07T10:07:54","date_gmt":"2015-10-07T10:07:54","guid":{"rendered":"http:\/\/www.pinypon.es\/fr\/?page_id=145"},"modified":"2022-06-12T09:59:37","modified_gmt":"2022-06-12T09:59:37","slug":"activites","status":"publish","type":"page","link":"https:\/\/www.pinypon.es\/fr\/activites\/","title":{"rendered":"Activites"},"content":{"rendered":"<p>D\u00e9couvre le monde des Pinypon !<\/p>\n<p>T\u00e9l\u00e9charge de d\u00e9licieuses recettes et des id\u00e9es pour organiser une super f\u00eate ou encore de nouveaux accessoires pour tes Pinypon. D\u00e9couvre les activit\u00e9s Pinypon pour encore plus de fun !<\/p>\n","protected":false},"excerpt":{"rendered":"<p>D\u00e9couvre le monde des Pinypon ! T\u00e9l\u00e9charge de d\u00e9licieuses recettes et des id\u00e9es pour organiser une super f\u00eate ou encore de nouveaux accessoires pour tes Pinypon. D\u00e9couvre les activit\u00e9s Pinypon pour encore plus de fun !<\/p>\n","protected":false},"author":1,"featured_media":0,"parent":0,"menu_order":0,"comment_status":"closed","ping_status":"closed","template":"page-actividades.php","meta":[],"yoast_head":"<!-- This site is optimized with the Yoast SEO plugin v16.0.2 - https:\/\/yoast.com\/wordpress\/plugins\/seo\/ -->\n<title>Activites - Pinypon Francia<\/title>\n<link rel=\"canonical\" href=\"https:\/\/www.pinypon.es\/fr\/activites\/\" \/>\n<meta property=\"og:locale\" content=\"fr_FR\" \/>\n<meta property=\"og:type\" content=\"article\" \/>\n<meta property=\"og:title\" content=\"Activites - Pinypon Francia\" \/>\n<meta property=\"og:description\" content=\"D\u00e9couvre le monde des Pinypon ! T\u00e9l\u00e9charge de d\u00e9licieuses recettes et des id\u00e9es pour organiser une super f\u00eate ou encore de nouveaux accessoires pour tes Pinypon. D\u00e9couvre les activit\u00e9s Pinypon pour encore plus de fun !\" \/>\n<meta property=\"og:url\" content=\"https:\/\/www.pinypon.es\/fr\/activites\/\" \/>\n<meta property=\"og:site_name\" content=\"Pinypon Francia\" \/>\n<meta property=\"article:modified_time\" content=\"2022-06-12T09:59:37+00:00\" \/>\n<meta name=\"twitter:card\" content=\"summary\" \/>\n<meta name=\"twitter:label1\" content=\"Dur\u00e9e de lecture est.\">\n\t<meta name=\"twitter:data1\" content=\"1 minute\">\n<script type=\"application\/ld+json\" class=\"yoast-schema-graph\">{\"@context\":\"https:\/\/schema.org\",\"@graph\":[{\"@type\":\"WebSite\",\"@id\":\"https:\/\/www.pinypon.es\/fr\/#website\",\"url\":\"https:\/\/www.pinypon.es\/fr\/\",\"name\":\"Pinypon Francia\",\"description\":\"Otro sitio realizado con WordPress\",\"potentialAction\":[{\"@type\":\"SearchAction\",\"target\":\"https:\/\/www.pinypon.es\/fr\/?s={search_term_string}\",\"query-input\":\"required name=search_term_string\"}],\"inLanguage\":\"fr-FR\"},{\"@type\":\"WebPage\",\"@id\":\"https:\/\/www.pinypon.es\/fr\/activites\/#webpage\",\"url\":\"https:\/\/www.pinypon.es\/fr\/activites\/\",\"name\":\"Activites - Pinypon Francia\",\"isPartOf\":{\"@id\":\"https:\/\/www.pinypon.es\/fr\/#website\"},\"datePublished\":\"2015-10-07T10:07:54+00:00\",\"dateModified\":\"2022-06-12T09:59:37+00:00\",\"breadcrumb\":{\"@id\":\"https:\/\/www.pinypon.es\/fr\/activites\/#breadcrumb\"},\"inLanguage\":\"fr-FR\",\"potentialAction\":[{\"@type\":\"ReadAction\",\"target\":[\"https:\/\/www.pinypon.es\/fr\/activites\/\"]}]},{\"@type\":\"BreadcrumbList\",\"@id\":\"https:\/\/www.pinypon.es\/fr\/activites\/#breadcrumb\",\"itemListElement\":[{\"@type\":\"ListItem\",\"position\":1,\"item\":{\"@type\":\"WebPage\",\"@id\":\"https:\/\/www.pinypon.es\/fr\/\",\"url\":\"https:\/\/www.pinypon.es\/fr\/\",\"name\":\"Portada\"}},{\"@type\":\"ListItem\",\"position\":2,\"item\":{\"@type\":\"WebPage\",\"@id\":\"https:\/\/www.pinypon.es\/fr\/activites\/\",\"url\":\"https:\/\/www.pinypon.es\/fr\/activites\/\",\"name\":\"Activites\"}}]}]}<\/script>\n<!-- \/ Yoast SEO plugin. -->","_links":{"self":[{"href":"https:\/\/www.pinypon.es\/fr\/wp-json\/wp\/v2\/pages\/145"}],"collection":[{"href":"https:\/\/www.pinypon.es\/fr\/wp-json\/wp\/v2\/pages"}],"about":[{"href":"https:\/\/www.pinypon.es\/fr\/wp-json\/wp\/v2\/types\/page"}],"author":[{"embeddable":true,"href":"https:\/\/www.pinypon.es\/fr\/wp-json\/wp\/v2\/users\/1"}],"replies":[{"embeddable":true,"href":"https:\/\/www.pinypon.es\/fr\/wp-json\/wp\/v2\/comments?post=145"}],"version-history":[{"count":8,"href":"https:\/\/www.pinypon.es\/fr\/wp-json\/wp\/v2\/pages\/145\/revisions"}],"predecessor-version":[{"id":1287,"href":"https:\/\/www.pinypon.es\/fr\/wp-json\/wp\/v2\/pages\/145\/revisions\/1287"}],"wp:attachment":[{"href":"https:\/\/www.pinypon.es\/fr\/wp-json\/wp\/v2\/media?parent=145"}],"curies":[{"name":"wp","href":"https:\/\/api.w.org\/{rel}","templated":true}]}}