{"id":340,"date":"2015-10-13T09:31:28","date_gmt":"2015-10-13T09:31:28","guid":{"rendered":"http:\/\/www.pinypon.es\/fr\/?page_id=340"},"modified":"2022-06-12T10:09:55","modified_gmt":"2022-06-12T10:09:55","slug":"espace-parental","status":"publish","type":"page","link":"https:\/\/www.pinypon.es\/fr\/espace-parental\/","title":{"rendered":"Espace parental"},"content":{"rendered":"<div class=\"titulo\" style=\"color:#009fe3\">Questions fr\u00e9quentes<\/div>\n<div class=\"col1\"><\/p>\n<p><div class=\"desplegar\" id=\"desplegar_1\"><div class=\"izquierda\"><div class=\"wrap_boton\"><a href=\"javascript:void(0)\" onclick=\"desplegar(1)\" class=\"boton small padding azulclaro\">+<\/a><\/div><\/div><div class=\"derecha\"><div class=\"tit\">Pinypon est-elle une marque espagnole?<\/div><div class=\"cont\" style=\"display:block\">Il \u00e9tait une fois un groupe d&rsquo;artisants \u2026 qui se sont regroup\u00e9s en 1957 pour cr\u00e9er l&rsquo;entreprise Famosa. 50 ans apr\u00e8s sa cr\u00e9ation, Famosa reste le premier fabricant de jouets espagnol. Famosa pr\u00f4ne la tradition, l&rsquo;innovation et la qualit\u00e9. Mais surtout, Famosa permet aux enfants d&rsquo;apprendre tout en s&rsquo;amusant. Depuis les ann\u00e9es 50, les enfants jouent avec nos jouets et ces enfants, aujourd&rsquo;hui devenus parents, veulent continuer \u00e0 donner le meilleur pour leurs enfants.<\/div><\/div><div class=\"clear\"><\/div><\/div><\/p>\n<p><div class=\"desplegar\" id=\"desplegar_2\"><div class=\"izquierda\"><div class=\"wrap_boton\"><a href=\"javascript:void(0)\" onclick=\"desplegar(2)\" class=\"boton small padding azulclaro\">+<\/a><\/div><\/div><div class=\"derecha\"><div class=\"tit\">A partir de quel \u00e2ge les enfants peuvent jouer avec les Pinypon?<\/div><div class=\"cont\" style=\"display:none\">Les Pinypon sont des jouets sp\u00e9cialement con\u00e7us pour les enfants \u00e0 partir de 4 ans. Son utilisation n&rsquo;est pas recommand\u00e9e pour les enfants de moins de 4 ans car les Pinypon contiennent des petites parties qui pourraient \u00eatre aval\u00e9es.<\/div><\/div><div class=\"clear\"><\/div><\/div><\/p>\n<p><div class=\"desplegar\" id=\"desplegar_3\"><div class=\"izquierda\"><div class=\"wrap_boton\"><a href=\"javascript:void(0)\" onclick=\"desplegar(3)\" class=\"boton small padding azulclaro\">+<\/a><\/div><\/div><div class=\"derecha\"><div class=\"tit\">O\u00f9 puis-je acheter des Pinypon?<\/div><div class=\"cont\" style=\"display:none\">Les Pinypon sont en vente dans de nombreux magasins de jouets et aux rayons jouets des supermarch\u00e9s.<\/div><\/div><div class=\"clear\"><\/div><\/div><\/p>\n<p><div class=\"desplegar\" id=\"desplegar_4\"><div class=\"izquierda\"><div class=\"wrap_boton\"><a href=\"javascript:void(0)\" onclick=\"desplegar(4)\" class=\"boton small padding azulclaro\">+<\/a><\/div><\/div><div class=\"derecha\"><div class=\"tit\">Pourquoi jouer avec les Pinypon?<\/div><div class=\"cont\" style=\"display:none\">Jouer avec les Pinypon permet aux enfants de d\u00e9velopper leur socialibilit\u00e9. Ce sont des jouets qui proposent aux enfants de jouer aussi bien seuls qu&rsquo;avec d&rsquo;autres enfants. En effet, il est possible d&rsquo;\u00e9changer les v\u00eatements et les accessoires, d&rsquo;inventer des histoires \u00e0 plusieurs, de rire ensemble, ce qui aide \u00e0 d\u00e9velopper leur imagination. Les Pinypon permettent donc aux enfants de cr\u00e9er des combinaisons \u00e0 l&rsquo;infini. Avec les Pinypon, les enfants peuvent conduire, cuisiner, s&rsquo;occuper d&rsquo;animaux et vivre de nombreuses exp\u00e9riences de la vie, ce qui les inspire et les aide \u00e0 grandir.<\/div><\/div><div class=\"clear\"><\/div><\/div><\/p>\n<p><\/div>\n<div class=\"col2\" style=\"padding-top:0px\"><\/p>\n<p><div class=\"desplegar\" id=\"desplegar_5\"><div class=\"izquierda\"><div class=\"wrap_boton\"><a href=\"javascript:void(0)\" onclick=\"desplegar(5)\" class=\"boton small padding azulclaro\">+<\/a><\/div><\/div><div class=\"derecha\"><div class=\"tit\">Combien y a-t-il de Pinypon?<\/div><div class=\"cont\" style=\"display:none\">Wouah, il y en a beaucoup ! Il y a des Pinypon filles et des Pinypon gar\u00e7ons, avec des cheveux blonds, roses, bleus, violets\u2026 Il est m\u00eame possible de multiplier les combinaisons puisque les Pinypon, leurs v\u00eatements et leurs accessoires sont interchangeables. Enfin, les Pinypon sont vendues seules, \u00e0 plusieurs, avec leur animal de compagnie&#8230; Donc tu peux toutes les collectionner !<\/div><\/div><div class=\"clear\"><\/div><\/div><\/p>\n<p><div class=\"desplegar\" id=\"desplegar_6\"><div class=\"izquierda\"><div class=\"wrap_boton\"><a href=\"javascript:void(0)\" onclick=\"desplegar(6)\" class=\"boton small padding azulclaro\">+<\/a><\/div><\/div><div class=\"derecha\"><div class=\"tit\">Pourquoi les Pinypon sont des jouets incontournables?<\/div><div class=\"cont\" style=\"display:none\">Jouets de qualit\u00e9 : les Pinypon sont toujours con\u00e7ues en pensant au bien-\u00eatre des enfants, en prenant soin de chaque d\u00e9tail, comme tous les jouets Famosa. Jouets \u00e0 la bonne taille : les Pinypon sont faciles \u00e0 attraper pour les enfants \u00e0 partir de 4 ans et \u00e0 transporter partout. Jouets interchangeables : les Pinypon peuvent s&rsquo;\u00e9changer leurs v\u00eatements, leurs cheveux et leurs accessoires. Jouets vari\u00e9s : les Pinypon repr\u00e9sentent une large gamme avec des jouets seuls ou accompagn\u00e9s de leurs amis et\/ou animaux. Jouets styl\u00e9s : les Pinypon sont funs, \u00e0 l&rsquo;air du temps et surtout parfaits pour d\u00e9velopper sa cr\u00e9ativit\u00e9 !&nbsp;<\/div><\/div><div class=\"clear\"><\/div><\/div><\/p>\n<p><div class=\"desplegar\" id=\"desplegar_7\"><div class=\"izquierda\"><div class=\"wrap_boton\"><a href=\"javascript:void(0)\" onclick=\"desplegar(7)\" class=\"boton small padding azulclaro\">+<\/a><\/div><\/div><div class=\"derecha\"><div class=\"tit\">Qui sont les Pinypon?<\/div><div class=\"cont\" style=\"display:none\">Les Pinypon sont tr\u00e8s appr\u00e9ci\u00e9es et ont une tr\u00e8s bonne r\u00e9putation depuis les ann\u00e9es 80 aupr\u00e8s des mamans, \u00e0 travers l&rsquo;Europe. Au fil des ann\u00e9es, les go\u00fbts des enfants ont chang\u00e9 et continueront de changer. En 2009, Famosa a relanc\u00e9 la marque avec des nouvelles figurines Pinypon qui s&rsquo;est focalis\u00e9e sur la mode et les animaux, en suivant les go\u00fbts actuels des enfants. Ce fut un grand succ\u00e8s, avec la maison et la caravane des Pinypon parmi les jouets pr\u00e9f\u00e9r\u00e9s des enfants. <span style=\"line-height: 1.5;\"><\/div><\/div><div class=\"clear\"><\/div><\/div><\/span><\/p>\n<p><\/div>\n<div class=\"clear\"><\/div>\n","protected":false},"excerpt":{"rendered":"","protected":false},"author":1,"featured_media":0,"parent":0,"menu_order":0,"comment_status":"closed","ping_status":"closed","template":"page-zonapadres.php","meta":[],"yoast_head":"<!-- This site is optimized with the Yoast SEO plugin v16.0.2 - https:\/\/yoast.com\/wordpress\/plugins\/seo\/ -->\n<title>Espace parental - Pinypon Francia<\/title>\n<link rel=\"canonical\" href=\"https:\/\/www.pinypon.es\/fr\/espace-parental\/\" \/>\n<meta property=\"og:locale\" content=\"fr_FR\" \/>\n<meta property=\"og:type\" content=\"article\" \/>\n<meta property=\"og:title\" content=\"Espace parental - Pinypon Francia\" \/>\n<meta property=\"og:url\" content=\"https:\/\/www.pinypon.es\/fr\/espace-parental\/\" \/>\n<meta property=\"og:site_name\" content=\"Pinypon Francia\" \/>\n<meta property=\"article:modified_time\" content=\"2022-06-12T10:09:55+00:00\" \/>\n<meta name=\"twitter:card\" content=\"summary\" \/>\n<meta name=\"twitter:label1\" content=\"Dur\u00e9e de lecture est.\">\n\t<meta name=\"twitter:data1\" content=\"3 minutes\">\n<script type=\"application\/ld+json\" class=\"yoast-schema-graph\">{\"@context\":\"https:\/\/schema.org\",\"@graph\":[{\"@type\":\"WebSite\",\"@id\":\"https:\/\/www.pinypon.es\/fr\/#website\",\"url\":\"https:\/\/www.pinypon.es\/fr\/\",\"name\":\"Pinypon Francia\",\"description\":\"Otro sitio realizado con WordPress\",\"potentialAction\":[{\"@type\":\"SearchAction\",\"target\":\"https:\/\/www.pinypon.es\/fr\/?s={search_term_string}\",\"query-input\":\"required name=search_term_string\"}],\"inLanguage\":\"fr-FR\"},{\"@type\":\"WebPage\",\"@id\":\"https:\/\/www.pinypon.es\/fr\/espace-parental\/#webpage\",\"url\":\"https:\/\/www.pinypon.es\/fr\/espace-parental\/\",\"name\":\"Espace parental - Pinypon Francia\",\"isPartOf\":{\"@id\":\"https:\/\/www.pinypon.es\/fr\/#website\"},\"datePublished\":\"2015-10-13T09:31:28+00:00\",\"dateModified\":\"2022-06-12T10:09:55+00:00\",\"breadcrumb\":{\"@id\":\"https:\/\/www.pinypon.es\/fr\/espace-parental\/#breadcrumb\"},\"inLanguage\":\"fr-FR\",\"potentialAction\":[{\"@type\":\"ReadAction\",\"target\":[\"https:\/\/www.pinypon.es\/fr\/espace-parental\/\"]}]},{\"@type\":\"BreadcrumbList\",\"@id\":\"https:\/\/www.pinypon.es\/fr\/espace-parental\/#breadcrumb\",\"itemListElement\":[{\"@type\":\"ListItem\",\"position\":1,\"item\":{\"@type\":\"WebPage\",\"@id\":\"https:\/\/www.pinypon.es\/fr\/\",\"url\":\"https:\/\/www.pinypon.es\/fr\/\",\"name\":\"Portada\"}},{\"@type\":\"ListItem\",\"position\":2,\"item\":{\"@type\":\"WebPage\",\"@id\":\"https:\/\/www.pinypon.es\/fr\/espace-parental\/\",\"url\":\"https:\/\/www.pinypon.es\/fr\/espace-parental\/\",\"name\":\"Espace parental\"}}]}]}<\/script>\n<!-- \/ Yoast SEO plugin. -->","_links":{"self":[{"href":"https:\/\/www.pinypon.es\/fr\/wp-json\/wp\/v2\/pages\/340"}],"collection":[{"href":"https:\/\/www.pinypon.es\/fr\/wp-json\/wp\/v2\/pages"}],"about":[{"href":"https:\/\/www.pinypon.es\/fr\/wp-json\/wp\/v2\/types\/page"}],"author":[{"embeddable":true,"href":"https:\/\/www.pinypon.es\/fr\/wp-json\/wp\/v2\/users\/1"}],"replies":[{"embeddable":true,"href":"https:\/\/www.pinypon.es\/fr\/wp-json\/wp\/v2\/comments?post=340"}],"version-history":[{"count":12,"href":"https:\/\/www.pinypon.es\/fr\/wp-json\/wp\/v2\/pages\/340\/revisions"}],"predecessor-version":[{"id":1296,"href":"https:\/\/www.pinypon.es\/fr\/wp-json\/wp\/v2\/pages\/340\/revisions\/1296"}],"wp:attachment":[{"href":"https:\/\/www.pinypon.es\/fr\/wp-json\/wp\/v2\/media?parent=340"}],"curies":[{"name":"wp","href":"https:\/\/api.w.org\/{rel}","templated":true}]}}