{"id":363,"date":"2015-10-13T10:49:41","date_gmt":"2015-10-13T10:49:41","guid":{"rendered":"http:\/\/www.pinypon.es\/fr\/?page_id=363"},"modified":"2022-06-12T09:56:42","modified_gmt":"2022-06-12T09:56:42","slug":"mentions-legales","status":"publish","type":"page","link":"https:\/\/www.pinypon.es\/fr\/mentions-legales\/","title":{"rendered":"Mentions l\u00e9gales"},"content":{"rendered":"<h2>Mentions l\u00e9gales<\/h2>\n<p>Ce site est \u00e9dit\u00e9 par FAMOSA France, au capital de 60&nbsp;000\u20ac, 97 rue du Mar\u00e9chal Joffre 92700 Colombes. N\u00b0 SIRET 477&nbsp;930&nbsp;259 00015 Ce site appartient \u00e0&nbsp;: F\u00e1bricas Agrupadas de Mu\u00f1ecas de Onil, S.A.U. (\u201cFamosa\u201d). Si\u00e8ge social&nbsp;: C\/ del Franco s\/n, Pol\u00edgono Industrial \u201cLas Atalayas\u201d, 03114 Alicante, enregistr\u00e9 au RCS d\u2019Alicante. Tome 3478, folio 47, feuillet A \u2013 103.414. Num\u00e9ro d\u2019identification fiscale (NIF): A-84392596. Ce site est h\u00e9berg\u00e9 par NOMINALIA NOMINALIA INTERNET S.L. c\/ Josep Pla, N\u00ba2, Torres. Diagonal Litoral, Edificio B-3, Planta 3-d, 08019 Barcelona (Espa\u00f1a).<\/p>\n<h3>Collecte et protection des donn\u00e9es personnelles<\/h3>\n<h3>Les cookies<\/h3>\n<p>Un cookie est un petit fichier texte enregistr\u00e9 par votre navigateur sur le disque dur de votre ordinateur afin de recueillir des donn\u00e9es&nbsp;utilisateur. Nous vous informons que la plupart des navigateurs vous permettent de vous opposer \u00e0 l&rsquo;enregistrement de cookies en les d\u00e9sactivant (utilisez l&rsquo;aide de votre navigateur pour savoir comment vous pouvez d\u00e9sactiver les cookies). Nous pouvons utiliser des cookies pour vous procurer une meilleure exp\u00e9rience de navigation en nous permettant de contr\u00f4ler ce qui fonctionne bien ou non gr\u00e2ce \u00e0 l&rsquo;analyse du trafic sur le site. C&rsquo;est pourquoi nous vous recommandons d&rsquo;accepter les cookies. Aucune information personnelle n&rsquo;est recueillie. Les cookies enregistrent des informations relatives aux pages visit\u00e9es, \u00e0 vos pr\u00e9f\u00e9rences sur le site, aux param\u00e8tres de votre navigateur et \u00e0 la fr\u00e9quence des visites. Les informations recueillies sont utilis\u00e9es \u00e0 des fins statistiques pour nous permettre de comprendre et d&rsquo;\u00e9tudier comment nous pouvons am\u00e9liorer notre site et fournir un service personnalis\u00e9. Nous ne divulguons pas les informations recueillies.<\/p>\n<h3>Les donn\u00e9es personnelles<\/h3>\n<p>Les Donn\u00e9es personnelles obtenues par l\u2019interm\u00e9diaire des formulaires de recueil de donn\u00e9es du Portail (noms, coordonn\u00e9es, adresses e-mail\u2026) seront incorpor\u00e9es dans des fichiers informatiques de donn\u00e9es \u00e0 caract\u00e8re personnel dont devra r\u00e9pondre Famosa. Famosa traitera les donn\u00e9es personnelles confidentiellement et \u00e0 des fins exclusives de gestion de la relation avec les Utilisateurs tel que communiqu\u00e9 lors de la collecte et de la promotion en faveur des activit\u00e9s et des produits de Famosa. En outre, Famosa annulera, effacera et\/ou bloquera toute Donn\u00e9e personnelle inexacte, incompl\u00e8te ou qui ne serait plus n\u00e9cessaire ou adapt\u00e9e \u00e0 sa finalit\u00e9, conform\u00e9ment aux dispositions de la l\u00e9gislation en mati\u00e8re de protection des donn\u00e9es. Les donn\u00e9es personnelles ne seront, en aucun cas, c\u00e9d\u00e9es \u00e0 des tiers. L\u2019Utilisateur est express\u00e9ment inform\u00e9 qu\u2019en appuyant, le cas \u00e9ch\u00e9ant, sur le bouton \u201cenvoyer\u201d du formulaire correspondant et en envoyant \u00e9ventuellement des courriels \u00e0 l\u2019adresse indiqu\u00e9e sur le Portail, ses donn\u00e9es pourront \u00eatre trait\u00e9es \u00e9lectroniquement et utilis\u00e9es par Famosa pour l\u2019envoi de communications commerciales par courriel ou par tout autre moyen. Tout utilisateur mineur est assujetti au consentement de ses parents ou tuteurs l\u00e9gaux pour la collecte et le traitement des donn\u00e9es personnels du mineur ainsi que pour l\u2019inclusion de celles-ci dans le Fichier. Il est toutefois extr\u00eamement compliqu\u00e9 de d\u00e9terminer l\u2019\u00e2ge r\u00e9el des personnes qui pourraient acc\u00e9der aux services fournis dans ou par le Portail. Dans le cas o\u00f9 l\u2019un de vos enfants serait enregistr\u00e9 dans un service et que vous d\u00e9sireriez annuler cet enregistrement, contacter Famosa \u00e0 l\u2019adresse indiqu\u00e9e sur la Notification l\u00e9gale. Famosa fait savoir que toute \u00e9ventuelle demande d\u2019informations concernant les mineurs n\u2019est faite qu\u2019\u00e0 des fins d\u2019information et de promotion en faveur de produits et de services destin\u00e9s aux mineurs. Conform\u00e9ment \u00e0 la Loi Informatique et Libert\u00e9s du 6 Janvier 1978 modifi\u00e9e, vous disposez d&rsquo;un droit d&rsquo;acc\u00e8s, de modification, de rectification et de suppression des informations personnelles vous concernant que vous pouvez exercer \u00e0 tout moment en \u00e9crivant \u00e0 l&rsquo;adresse mail suivante : <a href=\"mailto:famosafrance@famosa.es\">famosafrance@famosa.es<\/a> Le pr\u00e9sent site a fait l\u2019objet d\u2019une d\u00e9claration aupr\u00e8s de la CNIL.<\/p>\n","protected":false},"excerpt":{"rendered":"<p>Mentions l\u00e9gales Ce site est \u00e9dit\u00e9 par FAMOSA France, au capital de 60&nbsp;000\u20ac, 97 rue du Mar\u00e9chal Joffre 92700 Colombes. N\u00b0 SIRET 477&nbsp;930&nbsp;259 00015 Ce site appartient \u00e0&nbsp;: F\u00e1bricas Agrupadas de Mu\u00f1ecas de Onil, S.A.U. (\u201cFamosa\u201d). Si\u00e8ge social&nbsp;: C\/ del Franco s\/n, Pol\u00edgono Industrial \u201cLas Atalayas\u201d, 03114 Alicante, enregistr\u00e9 au RCS d\u2019Alicante. Tome 3478, folio [&hellip;]<\/p>\n","protected":false},"author":1,"featured_media":0,"parent":0,"menu_order":0,"comment_status":"closed","ping_status":"closed","template":"page-generica.php","meta":[],"yoast_head":"<!-- This site is optimized with the Yoast SEO plugin v16.0.2 - https:\/\/yoast.com\/wordpress\/plugins\/seo\/ -->\n<title>Mentions l\u00e9gales - Pinypon Francia<\/title>\n<link rel=\"canonical\" href=\"https:\/\/www.pinypon.es\/fr\/mentions-legales\/\" \/>\n<meta property=\"og:locale\" content=\"fr_FR\" \/>\n<meta property=\"og:type\" content=\"article\" \/>\n<meta property=\"og:title\" content=\"Mentions l\u00e9gales - Pinypon Francia\" \/>\n<meta property=\"og:description\" content=\"Mentions l\u00e9gales Ce site est \u00e9dit\u00e9 par FAMOSA France, au capital de 60&nbsp;000\u20ac, 97 rue du Mar\u00e9chal Joffre 92700 Colombes. N\u00b0 SIRET 477&nbsp;930&nbsp;259 00015 Ce site appartient \u00e0&nbsp;: F\u00e1bricas Agrupadas de Mu\u00f1ecas de Onil, S.A.U. (\u201cFamosa\u201d). Si\u00e8ge social&nbsp;: C\/ del Franco s\/n, Pol\u00edgono Industrial \u201cLas Atalayas\u201d, 03114 Alicante, enregistr\u00e9 au RCS d\u2019Alicante. Tome 3478, folio [&hellip;]\" \/>\n<meta property=\"og:url\" content=\"https:\/\/www.pinypon.es\/fr\/mentions-legales\/\" \/>\n<meta property=\"og:site_name\" content=\"Pinypon Francia\" \/>\n<meta property=\"article:modified_time\" content=\"2022-06-12T09:56:42+00:00\" \/>\n<meta name=\"twitter:card\" content=\"summary\" \/>\n<meta name=\"twitter:label1\" content=\"Dur\u00e9e de lecture est.\">\n\t<meta name=\"twitter:data1\" content=\"3 minutes\">\n<script type=\"application\/ld+json\" class=\"yoast-schema-graph\">{\"@context\":\"https:\/\/schema.org\",\"@graph\":[{\"@type\":\"WebSite\",\"@id\":\"https:\/\/www.pinypon.es\/fr\/#website\",\"url\":\"https:\/\/www.pinypon.es\/fr\/\",\"name\":\"Pinypon Francia\",\"description\":\"Otro sitio realizado con WordPress\",\"potentialAction\":[{\"@type\":\"SearchAction\",\"target\":\"https:\/\/www.pinypon.es\/fr\/?s={search_term_string}\",\"query-input\":\"required name=search_term_string\"}],\"inLanguage\":\"fr-FR\"},{\"@type\":\"WebPage\",\"@id\":\"https:\/\/www.pinypon.es\/fr\/mentions-legales\/#webpage\",\"url\":\"https:\/\/www.pinypon.es\/fr\/mentions-legales\/\",\"name\":\"Mentions l\\u00e9gales - Pinypon Francia\",\"isPartOf\":{\"@id\":\"https:\/\/www.pinypon.es\/fr\/#website\"},\"datePublished\":\"2015-10-13T10:49:41+00:00\",\"dateModified\":\"2022-06-12T09:56:42+00:00\",\"breadcrumb\":{\"@id\":\"https:\/\/www.pinypon.es\/fr\/mentions-legales\/#breadcrumb\"},\"inLanguage\":\"fr-FR\",\"potentialAction\":[{\"@type\":\"ReadAction\",\"target\":[\"https:\/\/www.pinypon.es\/fr\/mentions-legales\/\"]}]},{\"@type\":\"BreadcrumbList\",\"@id\":\"https:\/\/www.pinypon.es\/fr\/mentions-legales\/#breadcrumb\",\"itemListElement\":[{\"@type\":\"ListItem\",\"position\":1,\"item\":{\"@type\":\"WebPage\",\"@id\":\"https:\/\/www.pinypon.es\/fr\/\",\"url\":\"https:\/\/www.pinypon.es\/fr\/\",\"name\":\"Portada\"}},{\"@type\":\"ListItem\",\"position\":2,\"item\":{\"@type\":\"WebPage\",\"@id\":\"https:\/\/www.pinypon.es\/fr\/mentions-legales\/\",\"url\":\"https:\/\/www.pinypon.es\/fr\/mentions-legales\/\",\"name\":\"Mentions l\\u00e9gales\"}}]}]}<\/script>\n<!-- \/ Yoast SEO plugin. -->","_links":{"self":[{"href":"https:\/\/www.pinypon.es\/fr\/wp-json\/wp\/v2\/pages\/363"}],"collection":[{"href":"https:\/\/www.pinypon.es\/fr\/wp-json\/wp\/v2\/pages"}],"about":[{"href":"https:\/\/www.pinypon.es\/fr\/wp-json\/wp\/v2\/types\/page"}],"author":[{"embeddable":true,"href":"https:\/\/www.pinypon.es\/fr\/wp-json\/wp\/v2\/users\/1"}],"replies":[{"embeddable":true,"href":"https:\/\/www.pinypon.es\/fr\/wp-json\/wp\/v2\/comments?post=363"}],"version-history":[{"count":9,"href":"https:\/\/www.pinypon.es\/fr\/wp-json\/wp\/v2\/pages\/363\/revisions"}],"predecessor-version":[{"id":1283,"href":"https:\/\/www.pinypon.es\/fr\/wp-json\/wp\/v2\/pages\/363\/revisions\/1283"}],"wp:attachment":[{"href":"https:\/\/www.pinypon.es\/fr\/wp-json\/wp\/v2\/media?parent=363"}],"curies":[{"name":"wp","href":"https:\/\/api.w.org\/{rel}","templated":true}]}}