{"id":892,"date":"2016-03-09T08:36:19","date_gmt":"2016-03-09T08:36:19","guid":{"rendered":"http:\/\/www.pinypon.es\/fr\/?page_id=892"},"modified":"2022-06-12T09:54:13","modified_gmt":"2022-06-12T09:54:13","slug":"univers-pinypon","status":"publish","type":"page","link":"https:\/\/www.pinypon.es\/fr\/univers-pinypon\/","title":{"rendered":"Univers pinypon"},"content":{"rendered":"<div class=\"col1\"><\/p>\n<p><div class=\"titulo\" style=\"color:#e60895\">LES PINYPON<\/div><\/p>\n<h3>Un concept unique et original<\/h3>\n<p><em><strong>Pinypon, un univers color\u00e9 o\u00f9 vivent les petites filles<\/strong><\/em><\/p>\n<p>Elles aiment la mode, les accessoires et le shopping. Elles adorent aller chez le coiffeur et changer leurs looks. Elles parcourent le Monde dans leur camping-car ou sur leur bateau. Elles aiment faire la f\u00eate, d\u00e9couvrir de nouveaux lieux et se faire de nouveaux amis. Elles adorent r\u00eaver et s\u2019inventer des histoires. Elles appr\u00e9cient \u00e9galement les animaux et la Nature.<\/p>\n<p>La collection Pinypon peut \u00eatre personnalis\u00e9e \u00e0 souhait. Elle inclut des figurines, des v\u00e9hicules, des accessoires et des univers de jeux. De quoi faire jouer et r\u00eaver les enfants, de 4 \u00e0 7 ans !<\/p>\n<p><\/div>\n<div class=\"col2\" style=\"padding-top:0px\"><\/p>\n<p><img loading=\"lazy\" class=\"alignnone size-full wp-image-897\" src=\"http:\/\/www.pinypon.es\/fr\/wp-content\/uploads\/sites\/6\/2016\/03\/noticia1_fr.png\" alt=\"noticia1_fr\" width=\"457\" height=\"419\" srcset=\"https:\/\/www.pinypon.es\/fr\/wp-content\/uploads\/sites\/6\/2016\/03\/noticia1_fr.png 457w, https:\/\/www.pinypon.es\/fr\/wp-content\/uploads\/sites\/6\/2016\/03\/noticia1_fr-300x275.png 300w\" sizes=\"(max-width: 457px) 100vw, 457px\" \/><\/p>\n<p><\/div>\n<div class=\"clear\"><\/div>\n<div class=\"col1\"><\/p>\n<p><img loading=\"lazy\" class=\"alignnone size-full wp-image-898\" src=\"http:\/\/www.pinypon.es\/fr\/wp-content\/uploads\/sites\/6\/2016\/03\/noticia2_fr.png\" alt=\"noticia2_fr\" width=\"525\" height=\"296\" srcset=\"https:\/\/www.pinypon.es\/fr\/wp-content\/uploads\/sites\/6\/2016\/03\/noticia2_fr.png 525w, https:\/\/www.pinypon.es\/fr\/wp-content\/uploads\/sites\/6\/2016\/03\/noticia2_fr-300x169.png 300w\" sizes=\"(max-width: 525px) 100vw, 525px\" \/><\/p>\n<p><\/div>\n<div class=\"col2\" style=\"padding-top:0px\"><\/p>\n<p><strong><em>Des combinaisons possibles \u00e0 l\u2019infini<\/em><\/strong><\/p>\n<p>En effet, selon les go\u00fbts et les envies, les enfants peuvent changer le visage, les cheveux, les v\u00eatements ainsi que les accessoires de leur Pinypon. Ces derniers, \u00e9tant pour la plupart des petites pi\u00e8ces, peuvent se ranger dans la t\u00eate des figurines, sous les cheveux, afin de ne pas les \u00e9garer.<\/p>\n<p>Enfin, les enfants peuvent collectionner toutes les Pinypon et former un monde de plus en plus grand et amusant, au fur et \u00e0 mesure qu\u2019ils compl\u00e8tent leur collection.<\/p>\n<p><\/div>\n<div class=\"clear\"><\/div>\n<div class=\"col1\"><\/p>\n<h3>Une jouabilit\u00e9 infinie<\/h3>\n<p>Ainsi, Pinypon aide \u00e0 d\u00e9velopper la sociabilit\u00e9 des enfants. Les figurines donnent la possibilit\u00e9 de jouer seul ou avec d&rsquo;autres enfants \u00e0 travers l&rsquo;\u00e9change d&rsquo;accessoires, l&rsquo;invention d&rsquo;histoires et beaucoup d&rsquo;heures de fun ! Les figurines sont tr\u00e8s amusantes et aident \u00e9galement les enfants \u00e0 d\u00e9velopper la motricit\u00e9, gr\u00e2ce \u00e0 leurs petites tailles.<\/p>\n<p><\/div>\n<div class=\"col2\" style=\"padding-top:0px\"><\/p>\n<h3>Les th\u00e9matiques<\/h3>\n<p>Les Pinypon sont d\u00e9clin\u00e9es en deux th\u00e9matiques: City et F\u00e9erique. Certaines figurines sont seules, d\u2019autres ont un animal de compagnie et des coffrets proposent un assortiment de Pinypon, avec parfois de supers accessoires comme un carrosse ou encore un arbre de f\u00e9es.<\/p>\n<p><\/div>\n<div class=\"clear\"><\/div>\n<h3 style=\"text-align: center;\"><a href=\"http:\/\/www.pinypon.es\/fr\/jouets-pinypon\/\">Retrouve tes Pinypon pr\u00e9f\u00e9r\u00e9es<\/a><\/h3>\n","protected":false},"excerpt":{"rendered":"<p>Retrouve tes Pinypon pr\u00e9f\u00e9r\u00e9es<\/p>\n","protected":false},"author":1,"featured_media":0,"parent":0,"menu_order":0,"comment_status":"closed","ping_status":"closed","template":"page-generica.php","meta":[],"yoast_head":"<!-- This site is optimized with the Yoast SEO plugin v16.0.2 - https:\/\/yoast.com\/wordpress\/plugins\/seo\/ -->\n<title>Univers pinypon - Pinypon Francia<\/title>\n<link rel=\"canonical\" href=\"https:\/\/www.pinypon.es\/fr\/univers-pinypon\/\" \/>\n<meta property=\"og:locale\" content=\"fr_FR\" \/>\n<meta property=\"og:type\" content=\"article\" \/>\n<meta property=\"og:title\" content=\"Univers pinypon - Pinypon Francia\" \/>\n<meta property=\"og:description\" content=\"Retrouve tes Pinypon pr\u00e9f\u00e9r\u00e9es\" \/>\n<meta property=\"og:url\" content=\"https:\/\/www.pinypon.es\/fr\/univers-pinypon\/\" \/>\n<meta property=\"og:site_name\" content=\"Pinypon Francia\" \/>\n<meta property=\"article:modified_time\" content=\"2022-06-12T09:54:13+00:00\" \/>\n<meta property=\"og:image\" content=\"http:\/\/www.pinypon.es\/fr\/wp-content\/uploads\/sites\/6\/2016\/03\/noticia1_fr.png\" \/>\n<meta name=\"twitter:card\" content=\"summary\" \/>\n<meta name=\"twitter:label1\" content=\"Dur\u00e9e de lecture est.\">\n\t<meta name=\"twitter:data1\" content=\"2 minutes\">\n<script type=\"application\/ld+json\" class=\"yoast-schema-graph\">{\"@context\":\"https:\/\/schema.org\",\"@graph\":[{\"@type\":\"WebSite\",\"@id\":\"https:\/\/www.pinypon.es\/fr\/#website\",\"url\":\"https:\/\/www.pinypon.es\/fr\/\",\"name\":\"Pinypon Francia\",\"description\":\"Otro sitio realizado con WordPress\",\"potentialAction\":[{\"@type\":\"SearchAction\",\"target\":\"https:\/\/www.pinypon.es\/fr\/?s={search_term_string}\",\"query-input\":\"required name=search_term_string\"}],\"inLanguage\":\"fr-FR\"},{\"@type\":\"ImageObject\",\"@id\":\"https:\/\/www.pinypon.es\/fr\/univers-pinypon\/#primaryimage\",\"inLanguage\":\"fr-FR\",\"url\":\"http:\/\/www.pinypon.es\/fr\/wp-content\/uploads\/sites\/6\/2016\/03\/noticia1_fr.png\"},{\"@type\":\"WebPage\",\"@id\":\"https:\/\/www.pinypon.es\/fr\/univers-pinypon\/#webpage\",\"url\":\"https:\/\/www.pinypon.es\/fr\/univers-pinypon\/\",\"name\":\"Univers pinypon - Pinypon Francia\",\"isPartOf\":{\"@id\":\"https:\/\/www.pinypon.es\/fr\/#website\"},\"primaryImageOfPage\":{\"@id\":\"https:\/\/www.pinypon.es\/fr\/univers-pinypon\/#primaryimage\"},\"datePublished\":\"2016-03-09T08:36:19+00:00\",\"dateModified\":\"2022-06-12T09:54:13+00:00\",\"breadcrumb\":{\"@id\":\"https:\/\/www.pinypon.es\/fr\/univers-pinypon\/#breadcrumb\"},\"inLanguage\":\"fr-FR\",\"potentialAction\":[{\"@type\":\"ReadAction\",\"target\":[\"https:\/\/www.pinypon.es\/fr\/univers-pinypon\/\"]}]},{\"@type\":\"BreadcrumbList\",\"@id\":\"https:\/\/www.pinypon.es\/fr\/univers-pinypon\/#breadcrumb\",\"itemListElement\":[{\"@type\":\"ListItem\",\"position\":1,\"item\":{\"@type\":\"WebPage\",\"@id\":\"https:\/\/www.pinypon.es\/fr\/\",\"url\":\"https:\/\/www.pinypon.es\/fr\/\",\"name\":\"Portada\"}},{\"@type\":\"ListItem\",\"position\":2,\"item\":{\"@type\":\"WebPage\",\"@id\":\"https:\/\/www.pinypon.es\/fr\/univers-pinypon\/\",\"url\":\"https:\/\/www.pinypon.es\/fr\/univers-pinypon\/\",\"name\":\"Univers pinypon\"}}]}]}<\/script>\n<!-- \/ Yoast SEO plugin. -->","_links":{"self":[{"href":"https:\/\/www.pinypon.es\/fr\/wp-json\/wp\/v2\/pages\/892"}],"collection":[{"href":"https:\/\/www.pinypon.es\/fr\/wp-json\/wp\/v2\/pages"}],"about":[{"href":"https:\/\/www.pinypon.es\/fr\/wp-json\/wp\/v2\/types\/page"}],"author":[{"embeddable":true,"href":"https:\/\/www.pinypon.es\/fr\/wp-json\/wp\/v2\/users\/1"}],"replies":[{"embeddable":true,"href":"https:\/\/www.pinypon.es\/fr\/wp-json\/wp\/v2\/comments?post=892"}],"version-history":[{"count":10,"href":"https:\/\/www.pinypon.es\/fr\/wp-json\/wp\/v2\/pages\/892\/revisions"}],"predecessor-version":[{"id":1277,"href":"https:\/\/www.pinypon.es\/fr\/wp-json\/wp\/v2\/pages\/892\/revisions\/1277"}],"wp:attachment":[{"href":"https:\/\/www.pinypon.es\/fr\/wp-json\/wp\/v2\/media?parent=892"}],"curies":[{"name":"wp","href":"https:\/\/api.w.org\/{rel}","templated":true}]}}