{"id":145,"date":"2015-10-07T10:07:54","date_gmt":"2015-10-07T10:07:54","guid":{"rendered":"http:\/\/www.pinypon.es\/it\/?page_id=145"},"modified":"2022-06-12T10:28:44","modified_gmt":"2022-06-12T10:28:44","slug":"attivita","status":"publish","type":"page","link":"https:\/\/www.pinypon.es\/it\/attivita\/","title":{"rendered":"Attivit\u00e0"},"content":{"rendered":"<p>Scopri moltissime attivit\u00e0 divertenti da fare con PinyPon . Ci sono molti temi e attivit\u00e0 scaricabili che riguardano Pinypon. Scarica deliziose ricette; materiali per creare una festa divertente, giochi e nuovi accessori per le bambole PinyPon . Scoprite voi stessi quanto pu\u00f2 essere divertente giocare con PinyPon.<\/p>\n","protected":false},"excerpt":{"rendered":"<p>Scopri moltissime attivit\u00e0 divertenti da fare con PinyPon . Ci sono molti temi e attivit\u00e0 scaricabili che riguardano Pinypon. Scarica deliziose ricette; materiali per creare una festa divertente, giochi e nuovi accessori per le bambole PinyPon . Scoprite voi stessi quanto pu\u00f2 essere divertente giocare con PinyPon.<\/p>\n","protected":false},"author":1,"featured_media":0,"parent":0,"menu_order":0,"comment_status":"closed","ping_status":"closed","template":"page-actividades.php","meta":[],"yoast_head":"<!-- This site is optimized with the Yoast SEO plugin v16.0.2 - https:\/\/yoast.com\/wordpress\/plugins\/seo\/ -->\n<title>Attivit\u00e0 - Pinypon Italia<\/title>\n<link rel=\"canonical\" href=\"https:\/\/www.pinypon.es\/it\/attivita\/\" \/>\n<meta property=\"og:locale\" content=\"it_IT\" \/>\n<meta property=\"og:type\" content=\"article\" \/>\n<meta property=\"og:title\" content=\"Attivit\u00e0 - Pinypon Italia\" \/>\n<meta property=\"og:description\" content=\"Scopri moltissime attivit\u00e0 divertenti da fare con PinyPon . Ci sono molti temi e attivit\u00e0 scaricabili che riguardano Pinypon. Scarica deliziose ricette; materiali per creare una festa divertente, giochi e nuovi accessori per le bambole PinyPon . Scoprite voi stessi quanto pu\u00f2 essere divertente giocare con PinyPon.\" \/>\n<meta property=\"og:url\" content=\"https:\/\/www.pinypon.es\/it\/attivita\/\" \/>\n<meta property=\"og:site_name\" content=\"Pinypon Italia\" \/>\n<meta property=\"article:modified_time\" content=\"2022-06-12T10:28:44+00:00\" \/>\n<meta name=\"twitter:card\" content=\"summary\" \/>\n<meta name=\"twitter:label1\" content=\"Tempo di lettura stimato\">\n\t<meta name=\"twitter:data1\" content=\"1 minuto\">\n<script type=\"application\/ld+json\" class=\"yoast-schema-graph\">{\"@context\":\"https:\/\/schema.org\",\"@graph\":[{\"@type\":\"WebSite\",\"@id\":\"https:\/\/www.pinypon.es\/it\/#website\",\"url\":\"https:\/\/www.pinypon.es\/it\/\",\"name\":\"Pinypon Italia\",\"description\":\"Otro sitio realizado con WordPress\",\"potentialAction\":[{\"@type\":\"SearchAction\",\"target\":\"https:\/\/www.pinypon.es\/it\/?s={search_term_string}\",\"query-input\":\"required name=search_term_string\"}],\"inLanguage\":\"it-IT\"},{\"@type\":\"WebPage\",\"@id\":\"https:\/\/www.pinypon.es\/it\/attivita\/#webpage\",\"url\":\"https:\/\/www.pinypon.es\/it\/attivita\/\",\"name\":\"Attivit\\u00e0 - Pinypon Italia\",\"isPartOf\":{\"@id\":\"https:\/\/www.pinypon.es\/it\/#website\"},\"datePublished\":\"2015-10-07T10:07:54+00:00\",\"dateModified\":\"2022-06-12T10:28:44+00:00\",\"breadcrumb\":{\"@id\":\"https:\/\/www.pinypon.es\/it\/attivita\/#breadcrumb\"},\"inLanguage\":\"it-IT\",\"potentialAction\":[{\"@type\":\"ReadAction\",\"target\":[\"https:\/\/www.pinypon.es\/it\/attivita\/\"]}]},{\"@type\":\"BreadcrumbList\",\"@id\":\"https:\/\/www.pinypon.es\/it\/attivita\/#breadcrumb\",\"itemListElement\":[{\"@type\":\"ListItem\",\"position\":1,\"item\":{\"@type\":\"WebPage\",\"@id\":\"https:\/\/www.pinypon.es\/it\/\",\"url\":\"https:\/\/www.pinypon.es\/it\/\",\"name\":\"Portada\"}},{\"@type\":\"ListItem\",\"position\":2,\"item\":{\"@type\":\"WebPage\",\"@id\":\"https:\/\/www.pinypon.es\/it\/attivita\/\",\"url\":\"https:\/\/www.pinypon.es\/it\/attivita\/\",\"name\":\"Attivit\\u00e0\"}}]}]}<\/script>\n<!-- \/ Yoast SEO plugin. -->","_links":{"self":[{"href":"https:\/\/www.pinypon.es\/it\/wp-json\/wp\/v2\/pages\/145"}],"collection":[{"href":"https:\/\/www.pinypon.es\/it\/wp-json\/wp\/v2\/pages"}],"about":[{"href":"https:\/\/www.pinypon.es\/it\/wp-json\/wp\/v2\/types\/page"}],"author":[{"embeddable":true,"href":"https:\/\/www.pinypon.es\/it\/wp-json\/wp\/v2\/users\/1"}],"replies":[{"embeddable":true,"href":"https:\/\/www.pinypon.es\/it\/wp-json\/wp\/v2\/comments?post=145"}],"version-history":[{"count":5,"href":"https:\/\/www.pinypon.es\/it\/wp-json\/wp\/v2\/pages\/145\/revisions"}],"predecessor-version":[{"id":1565,"href":"https:\/\/www.pinypon.es\/it\/wp-json\/wp\/v2\/pages\/145\/revisions\/1565"}],"wp:attachment":[{"href":"https:\/\/www.pinypon.es\/it\/wp-json\/wp\/v2\/media?parent=145"}],"curies":[{"name":"wp","href":"https:\/\/api.w.org\/{rel}","templated":true}]}}