{"id":172,"date":"2015-10-08T07:46:41","date_gmt":"2015-10-08T07:46:41","guid":{"rendered":"http:\/\/www.pinypon.es\/mx\/?page_id=172"},"modified":"2015-10-08T07:46:41","modified_gmt":"2015-10-08T07:46:41","slug":"recetas","status":"publish","type":"page","link":"https:\/\/www.pinypon.es\/mx\/recetas\/","title":{"rendered":"Recetas"},"content":{"rendered":"<p>La cocina est\u00e1 de moda con Pinypon. Descubre los descargables de deliciosas y f\u00e1ciles recetas para jugar y experimentar en la cocina con Pinypon. Para crear las recetas cl\u00e1sicas de comidas de ferias, platos tem\u00e1ticos de Halloween o deliciosos y sanos batidos. \u00a1Poneros el delantal con Pinypon y a divertirse!<\/p>\n","protected":false},"excerpt":{"rendered":"<p>La cocina est\u00e1 de moda con Pinypon. Descubre los descargables de deliciosas y f\u00e1ciles recetas para jugar y experimentar en la cocina con Pinypon. Para crear las recetas cl\u00e1sicas de comidas de ferias, platos tem\u00e1ticos de Halloween o deliciosos y sanos batidos. \u00a1Poneros el delantal con Pinypon y a divertirse!<\/p>\n","protected":false},"author":1,"featured_media":0,"parent":0,"menu_order":0,"comment_status":"closed","ping_status":"closed","template":"page-actividades.php","meta":[],"yoast_head":"<!-- This site is optimized with the Yoast SEO plugin v16.0.2 - https:\/\/yoast.com\/wordpress\/plugins\/seo\/ -->\n<title>Recetas - Pinypon M\u00e9xico<\/title>\n<link rel=\"canonical\" href=\"https:\/\/www.pinypon.es\/mx\/recetas\/\" \/>\n<meta property=\"og:locale\" content=\"es_MX\" \/>\n<meta property=\"og:type\" content=\"article\" \/>\n<meta property=\"og:title\" content=\"Recetas - Pinypon M\u00e9xico\" \/>\n<meta property=\"og:description\" content=\"La cocina est\u00e1 de moda con Pinypon. Descubre los descargables de deliciosas y f\u00e1ciles recetas para jugar y experimentar en la cocina con Pinypon. Para crear las recetas cl\u00e1sicas de comidas de ferias, platos tem\u00e1ticos de Halloween o deliciosos y sanos batidos. \u00a1Poneros el delantal con Pinypon y a divertirse!\" \/>\n<meta property=\"og:url\" content=\"https:\/\/www.pinypon.es\/mx\/recetas\/\" \/>\n<meta property=\"og:site_name\" content=\"Pinypon M\u00e9xico\" \/>\n<meta name=\"twitter:card\" content=\"summary\" \/>\n<script type=\"application\/ld+json\" class=\"yoast-schema-graph\">{\"@context\":\"https:\/\/schema.org\",\"@graph\":[{\"@type\":\"WebSite\",\"@id\":\"https:\/\/www.pinypon.es\/mx\/#website\",\"url\":\"https:\/\/www.pinypon.es\/mx\/\",\"name\":\"Pinypon M\\u00e9xico\",\"description\":\"Otro sitio realizado con WordPress\",\"potentialAction\":[{\"@type\":\"SearchAction\",\"target\":\"https:\/\/www.pinypon.es\/mx\/?s={search_term_string}\",\"query-input\":\"required name=search_term_string\"}],\"inLanguage\":\"es-MX\"},{\"@type\":\"WebPage\",\"@id\":\"https:\/\/www.pinypon.es\/mx\/recetas\/#webpage\",\"url\":\"https:\/\/www.pinypon.es\/mx\/recetas\/\",\"name\":\"Recetas - Pinypon M\\u00e9xico\",\"isPartOf\":{\"@id\":\"https:\/\/www.pinypon.es\/mx\/#website\"},\"datePublished\":\"2015-10-08T07:46:41+00:00\",\"dateModified\":\"2015-10-08T07:46:41+00:00\",\"breadcrumb\":{\"@id\":\"https:\/\/www.pinypon.es\/mx\/recetas\/#breadcrumb\"},\"inLanguage\":\"es-MX\",\"potentialAction\":[{\"@type\":\"ReadAction\",\"target\":[\"https:\/\/www.pinypon.es\/mx\/recetas\/\"]}]},{\"@type\":\"BreadcrumbList\",\"@id\":\"https:\/\/www.pinypon.es\/mx\/recetas\/#breadcrumb\",\"itemListElement\":[{\"@type\":\"ListItem\",\"position\":1,\"item\":{\"@type\":\"WebPage\",\"@id\":\"https:\/\/www.pinypon.es\/mx\/\",\"url\":\"https:\/\/www.pinypon.es\/mx\/\",\"name\":\"Portada\"}},{\"@type\":\"ListItem\",\"position\":2,\"item\":{\"@type\":\"WebPage\",\"@id\":\"https:\/\/www.pinypon.es\/mx\/recetas\/\",\"url\":\"https:\/\/www.pinypon.es\/mx\/recetas\/\",\"name\":\"Recetas\"}}]}]}<\/script>\n<!-- \/ Yoast SEO plugin. -->","_links":{"self":[{"href":"https:\/\/www.pinypon.es\/mx\/wp-json\/wp\/v2\/pages\/172"}],"collection":[{"href":"https:\/\/www.pinypon.es\/mx\/wp-json\/wp\/v2\/pages"}],"about":[{"href":"https:\/\/www.pinypon.es\/mx\/wp-json\/wp\/v2\/types\/page"}],"author":[{"embeddable":true,"href":"https:\/\/www.pinypon.es\/mx\/wp-json\/wp\/v2\/users\/1"}],"replies":[{"embeddable":true,"href":"https:\/\/www.pinypon.es\/mx\/wp-json\/wp\/v2\/comments?post=172"}],"version-history":[{"count":1,"href":"https:\/\/www.pinypon.es\/mx\/wp-json\/wp\/v2\/pages\/172\/revisions"}],"predecessor-version":[{"id":173,"href":"https:\/\/www.pinypon.es\/mx\/wp-json\/wp\/v2\/pages\/172\/revisions\/173"}],"wp:attachment":[{"href":"https:\/\/www.pinypon.es\/mx\/wp-json\/wp\/v2\/media?parent=172"}],"curies":[{"name":"wp","href":"https:\/\/api.w.org\/{rel}","templated":true}]}}