{"id":340,"date":"2015-10-13T09:31:28","date_gmt":"2015-10-13T09:31:28","guid":{"rendered":"http:\/\/www.pinypon.es\/mx\/?page_id=340"},"modified":"2022-06-13T10:59:02","modified_gmt":"2022-06-13T10:59:02","slug":"zona-padres","status":"publish","type":"page","link":"https:\/\/www.pinypon.es\/mx\/zona-padres\/","title":{"rendered":"Zona Padres"},"content":{"rendered":"<div class=\"titulo\" style=\"color:#009fe3\">Preguntas frecuentes<\/div>\n<div class=\"col1\"><\/p>\n<p><div class=\"desplegar\" id=\"desplegar_1\"><div class=\"izquierda\"><div class=\"wrap_boton\"><a href=\"javascript:void(0)\" onclick=\"desplegar(1)\" class=\"boton small padding azulclaro\">+<\/a><\/div><\/div><div class=\"derecha\"><div class=\"tit\">\u00bfEs Pinypon una marca espa\u00f1ola?<\/div><div class=\"cont\" style=\"display:block\">\u00c9rase una vez un grupo de artesanos jugueteros&#8230; que en 1957 se agruparon para fundar Famosa. M\u00e1s de medio siglo despu\u00e9s de su fundaci\u00f3n, Famosa sigue siendo la primera compa\u00f1\u00eda espa\u00f1ola fabricante de juguetes. Hablar de Famosa es hablar de tradici\u00f3n, innovaci\u00f3n y calidad. Pero, sobre todo, hablar de Famosa es hablar de juguetes, de mucha diversi\u00f3n, de aprendizaje y por supuesto, \u00a1de ni\u00f1os! Ni\u00f1os que jugaron con nuestros juguetes y que ahora, convertidos en padres y madres, s\u00f3lo quieren lo mejor para sus hijos.<\/div><\/div><div class=\"clear\"><\/div><\/div><\/p>\n<p><div class=\"desplegar\" id=\"desplegar_2\"><div class=\"izquierda\"><div class=\"wrap_boton\"><a href=\"javascript:void(0)\" onclick=\"desplegar(2)\" class=\"boton small padding azulclaro\">+<\/a><\/div><\/div><div class=\"derecha\"><div class=\"tit\">\u00bfDesde qu\u00e9 edad pueden jugar los ni\u00f1os con Pinypon?<\/div><div class=\"cont\" style=\"display:none\">Los juguetes Pinypon est\u00e1n especialmente dise\u00f1ados y fabricados para ni\u00f1os y ni\u00f1as a partir de 4 a\u00f1os. Su uso no est\u00e1 recomendado para ni\u00f1os y ni\u00f1as m\u00e1s peque\u00f1os, ya que contienen piezas peque\u00f1as que podr\u00edan tragarse.<\/div><\/div><div class=\"clear\"><\/div><\/div><\/p>\n<p><div class=\"desplegar\" id=\"desplegar_3\"><div class=\"izquierda\"><div class=\"wrap_boton\"><a href=\"javascript:void(0)\" onclick=\"desplegar(3)\" class=\"boton small padding azulclaro\">+<\/a><\/div><\/div><div class=\"derecha\"><div class=\"tit\">\u00bfD\u00f3nde puedo comprarlos?<\/div><div class=\"cont\" style=\"display:none\">PinyPon tiene un mont\u00f3n de accesorios y complementos que puedes adquirir en todas las jugueter\u00edas, y secciones de juguetes de hipermercados, supermercados, y grandes almacenes.<\/div><\/div><div class=\"clear\"><\/div><\/div><\/p>\n<p><div class=\"desplegar\" id=\"desplegar_4\"><div class=\"izquierda\"><div class=\"wrap_boton\"><a href=\"javascript:void(0)\" onclick=\"desplegar(4)\" class=\"boton small padding azulclaro\">+<\/a><\/div><\/div><div class=\"derecha\"><div class=\"tit\">\u00bfQu\u00e9 valores aprenden los ni\u00f1os jugando con Pinypon?<\/div><div class=\"cont\" style=\"display:none\">Adem\u00e1s de su claro fin l\u00fadico, Pinypon sirve a los ni\u00f1os y ni\u00f1as para&#8230; &#8230; desarrollar su sociabilidad. Son juguetes con los que pueden entretenerse individualmente, pero con los que tambi\u00e9n disfrutar\u00e1n mucho en compa\u00f1\u00eda de otros ni\u00f1os y ni\u00f1as, hacer amigos intercambiando complementos y accesorios, inventando historias juntos, riendo juntos. &#8230; desarrollar su imaginaci\u00f3n. PinyPon y sus accesorios permiten jugar mil y un planes con los que divertirse durante horas. &#8230; desarrollar roles. Porque con PinyPon pueden conducir, cocinar, cuidar mascotas&#8230; y &#8220;vivir&#8221; un mont\u00f3n de experiencias a las que aspiran y que les ayudan a crecer.<\/div><\/div><div class=\"clear\"><\/div><\/div><\/p>\n<p><\/div>\n<div class=\"col2\" style=\"padding-top:0px\"><\/p>\n<p><div class=\"desplegar\" id=\"desplegar_5\"><div class=\"izquierda\"><div class=\"wrap_boton\"><a href=\"javascript:void(0)\" onclick=\"desplegar(5)\" class=\"boton small padding azulclaro\">+<\/a><\/div><\/div><div class=\"derecha\"><div class=\"tit\">\u00bfCu\u00e1ntos Pinypon hay?<\/div><div class=\"cont\" style=\"display:none\">\u00a1Bufff! Pues hay muchos, much\u00edsimos: hay chicos y chicas, con el pelo amarillo, rosa, azul, morado&#8230; Adem\u00e1s las posibilidades se multiplican, porque \u00a1puedes intercambiarles el pelo, la ropa y sus complementos! Y puedes adquirirlos en packs sorpresa, packs individuales, packs dobles, packs con mascota&#8230; de modo que puedas coleccionarlos a tu ritmo.<\/div><\/div><div class=\"clear\"><\/div><\/div><\/p>\n<p><div class=\"desplegar\" id=\"desplegar_6\"><div class=\"izquierda\"><div class=\"wrap_boton\"><a href=\"javascript:void(0)\" onclick=\"desplegar(6)\" class=\"boton small padding azulclaro\">+<\/a><\/div><\/div><div class=\"derecha\"><div class=\"tit\">\u00bfPor qu\u00e9 Pinypon es ideal?<\/div><div class=\"cont\" style=\"display:none\">Ideales por su calidad: dise\u00f1ados y fabricados pensando siempre en los ni\u00f1os y ni\u00f1as, cuidando cada detalle, como todos los juguetes de Famosa. Ideales por su tama\u00f1o: muy manejables para un amplio abanjico de edades y muy c\u00f3modos para llevar a todas partes. Ideales por ser intercambiables: los mu\u00f1ecos pueden intercambiar su ropa, su pelo y sus complementos. Ideales por su variedad: muchos mu\u00f1ecos y mu\u00f1ecas diferentes, accesorios, mascotas&#8230; Ideales por su estilo: actual, divertido y ese toque tan&#8230; tan&#8230; \u00a1tan ideal!<\/div><\/div><div class=\"clear\"><\/div><\/div><\/p>\n<p><div class=\"desplegar\" id=\"desplegar_7\"><div class=\"izquierda\"><div class=\"wrap_boton\"><a href=\"javascript:void(0)\" onclick=\"desplegar(7)\" class=\"boton small padding azulclaro\">+<\/a><\/div><\/div><div class=\"derecha\"><div class=\"tit\">\u00bfQui\u00e9nes son Pinypon?<\/div><div class=\"cont\" style=\"display:none\">La marca PinyPon goz\u00f3 de una alt\u00edsima notoriedad en los a\u00f1os 80 y 90 que a\u00fan perdura entre las madres. Pero con el paso de los a\u00f1os, los gustos de los ni\u00f1os y ni\u00f1as van cambiando y&#8230; en 2009 FAMOSA relanza la marca con nuevas figuras Pinypon, que se centran en la moda y las mascotas, siguiendo los gustos de los ni\u00f1os y ni\u00f1as de ahora.<\/p>\n<p>Los resultados son un \u00e9xito&#8230; la Casa de Pinypon y su Caravana est\u00e1n entre los juguetes preferidos de ni\u00f1os y ni\u00f1as.<\/div><\/div><div class=\"clear\"><\/div><\/div><\/p>\n<p><\/div>\n<div class=\"clear\"><\/div>\n","protected":false},"excerpt":{"rendered":"","protected":false},"author":1,"featured_media":0,"parent":0,"menu_order":0,"comment_status":"closed","ping_status":"closed","template":"page-zonapadres.php","meta":[],"yoast_head":"<!-- This site is optimized with the Yoast SEO plugin v16.0.2 - https:\/\/yoast.com\/wordpress\/plugins\/seo\/ -->\n<title>Zona Padres - Juguetes de Pinypon<\/title>\n<meta name=\"description\" content=\"Resuelve las dudas que pudiera surgir en relaci\u00f3n a Pinypon. Edad recomendada, procedencia, d\u00f3nde comprarlo, valores que aprenden los ni\u00f1os.\" \/>\n<link rel=\"canonical\" href=\"https:\/\/www.pinypon.es\/mx\/zona-padres\/\" \/>\n<meta property=\"og:locale\" content=\"es_MX\" \/>\n<meta property=\"og:type\" content=\"article\" \/>\n<meta property=\"og:title\" content=\"Zona Padres - Juguetes de Pinypon\" \/>\n<meta property=\"og:description\" content=\"Resuelve las dudas que pudiera surgir en relaci\u00f3n a Pinypon. Edad recomendada, procedencia, d\u00f3nde comprarlo, valores que aprenden los ni\u00f1os.\" \/>\n<meta property=\"og:url\" content=\"https:\/\/www.pinypon.es\/mx\/zona-padres\/\" \/>\n<meta property=\"og:site_name\" content=\"Pinypon M\u00e9xico\" \/>\n<meta property=\"article:modified_time\" content=\"2022-06-13T10:59:02+00:00\" \/>\n<meta name=\"twitter:card\" content=\"summary\" \/>\n<meta name=\"twitter:label1\" content=\"Tiempo de lectura\">\n\t<meta name=\"twitter:data1\" content=\"3 minutos\">\n<script type=\"application\/ld+json\" class=\"yoast-schema-graph\">{\"@context\":\"https:\/\/schema.org\",\"@graph\":[{\"@type\":\"WebSite\",\"@id\":\"https:\/\/www.pinypon.es\/mx\/#website\",\"url\":\"https:\/\/www.pinypon.es\/mx\/\",\"name\":\"Pinypon M\\u00e9xico\",\"description\":\"Otro sitio realizado con WordPress\",\"potentialAction\":[{\"@type\":\"SearchAction\",\"target\":\"https:\/\/www.pinypon.es\/mx\/?s={search_term_string}\",\"query-input\":\"required name=search_term_string\"}],\"inLanguage\":\"es-MX\"},{\"@type\":\"WebPage\",\"@id\":\"https:\/\/www.pinypon.es\/mx\/zona-padres\/#webpage\",\"url\":\"https:\/\/www.pinypon.es\/mx\/zona-padres\/\",\"name\":\"Zona Padres - Juguetes de Pinypon\",\"isPartOf\":{\"@id\":\"https:\/\/www.pinypon.es\/mx\/#website\"},\"datePublished\":\"2015-10-13T09:31:28+00:00\",\"dateModified\":\"2022-06-13T10:59:02+00:00\",\"description\":\"Resuelve las dudas que pudiera surgir en relaci\\u00f3n a Pinypon. Edad recomendada, procedencia, d\\u00f3nde comprarlo, valores que aprenden los ni\\u00f1os.\",\"breadcrumb\":{\"@id\":\"https:\/\/www.pinypon.es\/mx\/zona-padres\/#breadcrumb\"},\"inLanguage\":\"es-MX\",\"potentialAction\":[{\"@type\":\"ReadAction\",\"target\":[\"https:\/\/www.pinypon.es\/mx\/zona-padres\/\"]}]},{\"@type\":\"BreadcrumbList\",\"@id\":\"https:\/\/www.pinypon.es\/mx\/zona-padres\/#breadcrumb\",\"itemListElement\":[{\"@type\":\"ListItem\",\"position\":1,\"item\":{\"@type\":\"WebPage\",\"@id\":\"https:\/\/www.pinypon.es\/mx\/\",\"url\":\"https:\/\/www.pinypon.es\/mx\/\",\"name\":\"Portada\"}},{\"@type\":\"ListItem\",\"position\":2,\"item\":{\"@type\":\"WebPage\",\"@id\":\"https:\/\/www.pinypon.es\/mx\/zona-padres\/\",\"url\":\"https:\/\/www.pinypon.es\/mx\/zona-padres\/\",\"name\":\"Zona Padres\"}}]}]}<\/script>\n<!-- \/ Yoast SEO plugin. -->","_links":{"self":[{"href":"https:\/\/www.pinypon.es\/mx\/wp-json\/wp\/v2\/pages\/340"}],"collection":[{"href":"https:\/\/www.pinypon.es\/mx\/wp-json\/wp\/v2\/pages"}],"about":[{"href":"https:\/\/www.pinypon.es\/mx\/wp-json\/wp\/v2\/types\/page"}],"author":[{"embeddable":true,"href":"https:\/\/www.pinypon.es\/mx\/wp-json\/wp\/v2\/users\/1"}],"replies":[{"embeddable":true,"href":"https:\/\/www.pinypon.es\/mx\/wp-json\/wp\/v2\/comments?post=340"}],"version-history":[{"count":9,"href":"https:\/\/www.pinypon.es\/mx\/wp-json\/wp\/v2\/pages\/340\/revisions"}],"predecessor-version":[{"id":914,"href":"https:\/\/www.pinypon.es\/mx\/wp-json\/wp\/v2\/pages\/340\/revisions\/914"}],"wp:attachment":[{"href":"https:\/\/www.pinypon.es\/mx\/wp-json\/wp\/v2\/media?parent=340"}],"curies":[{"name":"wp","href":"https:\/\/api.w.org\/{rel}","templated":true}]}}