{"id":363,"date":"2015-10-13T10:49:41","date_gmt":"2015-10-13T10:49:41","guid":{"rendered":"http:\/\/www.pinypon.es\/mx\/?page_id=363"},"modified":"2022-06-13T11:00:59","modified_gmt":"2022-06-13T11:00:59","slug":"nota-legal","status":"publish","type":"page","link":"https:\/\/www.pinypon.es\/mx\/nota-legal\/","title":{"rendered":"Nota legal"},"content":{"rendered":"<p>Este portal de Internet (en adelante, \u201cel Portal\u201d) es propiedad de: F\u00e1bricas Agrupadas de Mu\u00f1ecas de Onil, S.A.U. (en adelante, \u201cFamosa\u201d).<\/p>\n<p>Domicilio social: C\/ del Franco s\/n, Pol\u00edgono Industrial \u201cLas Atalayas\u201d, 03114 Alicante.<\/p>\n<p>Datos inscripci\u00f3n: Registro Mercantil de Alicante, Tomo 3478, Folio 47, Hoja A -103.414<\/p>\n<p>N\u00famero de Identificaci\u00f3n Fiscal (NIF): A-84392596<\/p>\n<p>&nbsp;<\/p>\n<h3>Propiedad Intelectual e Industrial<\/h3>\n<p>Todos los contenidos del Portal, entendiendo por estos a t\u00edtulo meramente enunciativo, los textos, fotograf\u00edas, gr\u00e1ficos, im\u00e1genes, logotipos, marcas, iconos, tecnolog\u00eda, software, links y dem\u00e1s contenidos, audiovisuales, sonoros o de cualquier otro tipo, as\u00ed como su dise\u00f1o gr\u00e1fico y c\u00f3digos fuente (en adelante, los \u201cContenidos\u201d), son propiedad intelectual y\/o industrial de Famosa o de terceros, siendo Famosa en este \u00faltimo caso un licenciatario autorizado. Ning\u00fan derecho, de explotaci\u00f3n o cualquier otro, sobre los Contenidos se entender\u00e1 cedido al las personas que puedan acceder al Portal o a los contenidos (en adelante, \u201cel Usuario\u201d) m\u00e1s all\u00e1 de lo estrictamente necesario para el correcto uso del Portal. Las marcas, nombres comerciales o signos distintivos son titularidad de Famosa o de terceros, con respecto a los cuales Famosa es un licenciatario autorizado, sin que pueda entenderse que el acceso al Portal atribuya ning\u00fan derecho sobre las citadas marcas, nombres comerciales y\/o signos distintivos.<\/p>\n<p>&nbsp;<\/p>\n<h3>Normas de Uso del Portal<\/h3>\n<p>La navegaci\u00f3n por el Portal atribuye la condici\u00f3n de Usuario del mismo e implica la aceptaci\u00f3n plena y sin reservas de todas y cada una de las disposiciones incluidas en este Aviso Legal, que pueden sufrir modificaciones.<\/p>\n<p>El Usuario del Portal se compromete a utilizar el Portal y los Contenidos de conformidad con la Ley y el presente Aviso Legal, as\u00ed como con las dem\u00e1s condiciones, reglamentos e instrucciones que en su caso pudieran ser de aplicaci\u00f3n. Con car\u00e1cter meramente enunciativo, est\u00e1 totalmente prohibido para el Usuario reproducir, copiar, distribuir, poner a disposici\u00f3n de terceros, comunicar p\u00fablicamente, transformar o modificar los Contenidos, salvo en los casos autorizados por la ley o expresamente autorizados por Famosa o por quien ostente la titularidad de los derechos de explotaci\u00f3n, en su caso. El acceso al Portal no implica la obligaci\u00f3n por parte de Famosa de controlar la ausencia de virus o cualquier otro elemento inform\u00e1tico da\u00f1ino. Corresponde al Usuario, en todo caso, la disponibilidad de herramientas adecuadas para la detecci\u00f3n y desinfecci\u00f3n de programas inform\u00e1ticos da\u00f1inos. Famosa no se responsabiliza de los da\u00f1os producidos en los equipos inform\u00e1ticos de los Usuarios o de terceros durante la prestaci\u00f3n del servicio del Portal.<\/p>\n<h3>Enlaces<\/h3>\n<p>En caso que el Portal incluya dispositivos t\u00e9cnicos de enlace, directorios e incluso instrumentos de b\u00fasqueda que permiten al Usuario acceder a otras p\u00e1ginas y portales de Internet (en adelante, \u201cSitios Enlazados\u201d), y siempre que dichos Sitios Enlazados no se correspondan con p\u00e1ginas web propiedad tambi\u00e9n de Famosa (de lo cual se informar\u00e1 expresamente en la correspondiente \u201cnota legal\u201d o \u201cnormas de uso\u201d publicadas en dichos Sitios Enlazados propiedad de FAMOSA), ser\u00e1 de aplicaci\u00f3n lo establecido a continuaci\u00f3n.<\/p>\n<p>En relaci\u00f3n con los Sitios Enlazados, Famosa no ser\u00e1 responsable de los contenidos y servicios suministrados en los Sitios Enlazados. FAMOSA no conoce los contenidos y servicios de los Sitios Enlazados y por tanto no se hace responsable por los da\u00f1os producidos por la ilicitud, calidad, desactualizaci\u00f3n, indisponibilidad, error e inutilidad de los contenidos y\/o servicios de los Sitios Enlazados ni por cualquier otro da\u00f1o que no sea directamente imputable a Famosa.<\/p>\n<p>En ning\u00fan caso, la existencia de Sitios Enlazados debe presuponer la existencia de acuerdos con los responsables o titulares de los mismos, ni la recomendaci\u00f3n, promoci\u00f3n o identificaci\u00f3n de Famosa con las manifestaciones, contenidos o servicios prove\u00eddos en los Sitios Enlazados.<\/p>\n<p>En el caso de que el Usuario o cualquier otro usuario de Internet tuviera conocimiento de que los Sitios Enlazados remiten a p\u00e1ginas cuyos contenidos o servicios son il\u00edcitos, nocivos, denigrantes, violentos o contrarios a la moral podr\u00e1 ponerse en contacto con Famosa indicando los siguientes extremos:<\/p>\n<p>Datos personales del comunicante: nombre, direcci\u00f3n, n\u00famero de tel\u00e9fono y direcci\u00f3n de correo electr\u00f3nico;<\/p>\n<p>Descripci\u00f3n de los hechos que revelan el car\u00e1cter il\u00edcito o inadecuado del Sitio Enlazado;<\/p>\n<p>En el supuesto de violaci\u00f3n de derechos, tales como propiedad intelectual e industrial, los datos personales del titular del derecho infringido, cuando sea persona distinta del comunicante. Asimismo deber\u00e1 aportar el t\u00edtulo que acredite la legitimaci\u00f3n del titular de los derechos y, en su caso, el de representaci\u00f3n para actuar por cuenta del titular cuando sea persona distinta del comunicante;<\/p>\n<p>Declaraci\u00f3n expresa de que la informaci\u00f3n contenida en la reclamaci\u00f3n es exacta.<\/p>\n<p>La recepci\u00f3n por parte de Famosa de la comunicaci\u00f3n prevista en esta cl\u00e1usula no supondr\u00e1 el conocimiento efectivo de las actividades y\/o contenidos indicados por el comunicante.<\/p>\n<p>&nbsp;<\/p>\n<h3>Legislaci\u00f3n<\/h3>\n<p>El presente Aviso Legal se rige en todos y cada uno de sus extremos por la legislaci\u00f3n espa\u00f1ola.<\/p>\n","protected":false},"excerpt":{"rendered":"<p>Este portal de Internet (en adelante, \u201cel Portal\u201d) es propiedad de: F\u00e1bricas Agrupadas de Mu\u00f1ecas de Onil, S.A.U. (en adelante, \u201cFamosa\u201d). Domicilio social: C\/ del Franco s\/n, Pol\u00edgono Industrial \u201cLas Atalayas\u201d, 03114 Alicante. Datos inscripci\u00f3n: Registro Mercantil de Alicante, Tomo 3478, Folio 47, Hoja A -103.414 N\u00famero de Identificaci\u00f3n Fiscal (NIF): A-84392596 &nbsp; Propiedad Intelectual [&hellip;]<\/p>\n","protected":false},"author":1,"featured_media":0,"parent":0,"menu_order":0,"comment_status":"closed","ping_status":"closed","template":"page-generica.php","meta":[],"yoast_head":"<!-- This site is optimized with the Yoast SEO plugin v16.0.2 - https:\/\/yoast.com\/wordpress\/plugins\/seo\/ -->\n<title>Nota legal - Pinypon M\u00e9xico<\/title>\n<meta name=\"description\" content=\"Nota Legal Pinypon Mexico\" \/>\n<link rel=\"canonical\" href=\"https:\/\/www.pinypon.es\/mx\/nota-legal\/\" \/>\n<meta property=\"og:locale\" content=\"es_MX\" \/>\n<meta property=\"og:type\" content=\"article\" \/>\n<meta property=\"og:title\" content=\"Nota legal - Pinypon M\u00e9xico\" \/>\n<meta property=\"og:description\" content=\"Nota Legal Pinypon Mexico\" \/>\n<meta property=\"og:url\" content=\"https:\/\/www.pinypon.es\/mx\/nota-legal\/\" \/>\n<meta property=\"og:site_name\" content=\"Pinypon M\u00e9xico\" \/>\n<meta property=\"article:modified_time\" content=\"2022-06-13T11:00:59+00:00\" \/>\n<meta name=\"twitter:card\" content=\"summary\" \/>\n<meta name=\"twitter:label1\" content=\"Tiempo de lectura\">\n\t<meta name=\"twitter:data1\" content=\"4 minutos\">\n<script type=\"application\/ld+json\" class=\"yoast-schema-graph\">{\"@context\":\"https:\/\/schema.org\",\"@graph\":[{\"@type\":\"WebSite\",\"@id\":\"https:\/\/www.pinypon.es\/mx\/#website\",\"url\":\"https:\/\/www.pinypon.es\/mx\/\",\"name\":\"Pinypon M\\u00e9xico\",\"description\":\"Otro sitio realizado con WordPress\",\"potentialAction\":[{\"@type\":\"SearchAction\",\"target\":\"https:\/\/www.pinypon.es\/mx\/?s={search_term_string}\",\"query-input\":\"required name=search_term_string\"}],\"inLanguage\":\"es-MX\"},{\"@type\":\"WebPage\",\"@id\":\"https:\/\/www.pinypon.es\/mx\/nota-legal\/#webpage\",\"url\":\"https:\/\/www.pinypon.es\/mx\/nota-legal\/\",\"name\":\"Nota legal - Pinypon M\\u00e9xico\",\"isPartOf\":{\"@id\":\"https:\/\/www.pinypon.es\/mx\/#website\"},\"datePublished\":\"2015-10-13T10:49:41+00:00\",\"dateModified\":\"2022-06-13T11:00:59+00:00\",\"description\":\"Nota Legal Pinypon Mexico\",\"breadcrumb\":{\"@id\":\"https:\/\/www.pinypon.es\/mx\/nota-legal\/#breadcrumb\"},\"inLanguage\":\"es-MX\",\"potentialAction\":[{\"@type\":\"ReadAction\",\"target\":[\"https:\/\/www.pinypon.es\/mx\/nota-legal\/\"]}]},{\"@type\":\"BreadcrumbList\",\"@id\":\"https:\/\/www.pinypon.es\/mx\/nota-legal\/#breadcrumb\",\"itemListElement\":[{\"@type\":\"ListItem\",\"position\":1,\"item\":{\"@type\":\"WebPage\",\"@id\":\"https:\/\/www.pinypon.es\/mx\/\",\"url\":\"https:\/\/www.pinypon.es\/mx\/\",\"name\":\"Portada\"}},{\"@type\":\"ListItem\",\"position\":2,\"item\":{\"@type\":\"WebPage\",\"@id\":\"https:\/\/www.pinypon.es\/mx\/nota-legal\/\",\"url\":\"https:\/\/www.pinypon.es\/mx\/nota-legal\/\",\"name\":\"Nota legal\"}}]}]}<\/script>\n<!-- \/ Yoast SEO plugin. -->","_links":{"self":[{"href":"https:\/\/www.pinypon.es\/mx\/wp-json\/wp\/v2\/pages\/363"}],"collection":[{"href":"https:\/\/www.pinypon.es\/mx\/wp-json\/wp\/v2\/pages"}],"about":[{"href":"https:\/\/www.pinypon.es\/mx\/wp-json\/wp\/v2\/types\/page"}],"author":[{"embeddable":true,"href":"https:\/\/www.pinypon.es\/mx\/wp-json\/wp\/v2\/users\/1"}],"replies":[{"embeddable":true,"href":"https:\/\/www.pinypon.es\/mx\/wp-json\/wp\/v2\/comments?post=363"}],"version-history":[{"count":5,"href":"https:\/\/www.pinypon.es\/mx\/wp-json\/wp\/v2\/pages\/363\/revisions"}],"predecessor-version":[{"id":919,"href":"https:\/\/www.pinypon.es\/mx\/wp-json\/wp\/v2\/pages\/363\/revisions\/919"}],"wp:attachment":[{"href":"https:\/\/www.pinypon.es\/mx\/wp-json\/wp\/v2\/media?parent=363"}],"curies":[{"name":"wp","href":"https:\/\/api.w.org\/{rel}","templated":true}]}}