{"id":176,"date":"2015-10-08T07:48:43","date_gmt":"2015-10-08T07:48:43","guid":{"rendered":"http:\/\/www.pinypon.es\/nl\/?page_id=176"},"modified":"2015-10-08T07:49:57","modified_gmt":"2015-10-08T07:49:57","slug":"a-la-moda","status":"publish","type":"page","link":"https:\/\/www.pinypon.es\/nl\/a-la-moda\/","title":{"rendered":"A la moda"},"content":{"rendered":"<p>\u00a1Descubre el divertido mundo de la moda con Pinypon! Con el descargable de los peinados se juega a lo mismo que se juega con los mini mu\u00f1ecos de Pinypon; cambiar y combinar las piezas, creando un sinf\u00edn de peinados de los m\u00e1s fashion.<\/p>\n","protected":false},"excerpt":{"rendered":"<p>\u00a1Descubre el divertido mundo de la moda con Pinypon! Con el descargable de los peinados se juega a lo mismo que se juega con los mini mu\u00f1ecos de Pinypon; cambiar y combinar las piezas, creando un sinf\u00edn de peinados de los m\u00e1s fashion.<\/p>\n","protected":false},"author":1,"featured_media":0,"parent":0,"menu_order":0,"comment_status":"closed","ping_status":"closed","template":"page-actividades.php","meta":[],"yoast_head":"<!-- This site is optimized with the Yoast SEO plugin v16.0.2 - https:\/\/yoast.com\/wordpress\/plugins\/seo\/ -->\n<title>A la moda - Pinypon Holanda<\/title>\n<link rel=\"canonical\" href=\"https:\/\/www.pinypon.es\/nl\/a-la-moda\/\" \/>\n<meta property=\"og:locale\" content=\"nl_NL\" \/>\n<meta property=\"og:type\" content=\"article\" \/>\n<meta property=\"og:title\" content=\"A la moda - Pinypon Holanda\" \/>\n<meta property=\"og:description\" content=\"\u00a1Descubre el divertido mundo de la moda con Pinypon! Con el descargable de los peinados se juega a lo mismo que se juega con los mini mu\u00f1ecos de Pinypon; cambiar y combinar las piezas, creando un sinf\u00edn de peinados de los m\u00e1s fashion.\" \/>\n<meta property=\"og:url\" content=\"https:\/\/www.pinypon.es\/nl\/a-la-moda\/\" \/>\n<meta property=\"og:site_name\" content=\"Pinypon Holanda\" \/>\n<meta property=\"article:modified_time\" content=\"2015-10-08T07:49:57+00:00\" \/>\n<meta name=\"twitter:card\" content=\"summary\" \/>\n<script type=\"application\/ld+json\" class=\"yoast-schema-graph\">{\"@context\":\"https:\/\/schema.org\",\"@graph\":[{\"@type\":\"WebSite\",\"@id\":\"https:\/\/www.pinypon.es\/nl\/#website\",\"url\":\"https:\/\/www.pinypon.es\/nl\/\",\"name\":\"Pinypon Holanda\",\"description\":\"Otro sitio realizado con WordPress\",\"potentialAction\":[{\"@type\":\"SearchAction\",\"target\":\"https:\/\/www.pinypon.es\/nl\/?s={search_term_string}\",\"query-input\":\"required name=search_term_string\"}],\"inLanguage\":\"nl\"},{\"@type\":\"WebPage\",\"@id\":\"https:\/\/www.pinypon.es\/nl\/a-la-moda\/#webpage\",\"url\":\"https:\/\/www.pinypon.es\/nl\/a-la-moda\/\",\"name\":\"A la moda - Pinypon Holanda\",\"isPartOf\":{\"@id\":\"https:\/\/www.pinypon.es\/nl\/#website\"},\"datePublished\":\"2015-10-08T07:48:43+00:00\",\"dateModified\":\"2015-10-08T07:49:57+00:00\",\"breadcrumb\":{\"@id\":\"https:\/\/www.pinypon.es\/nl\/a-la-moda\/#breadcrumb\"},\"inLanguage\":\"nl\",\"potentialAction\":[{\"@type\":\"ReadAction\",\"target\":[\"https:\/\/www.pinypon.es\/nl\/a-la-moda\/\"]}]},{\"@type\":\"BreadcrumbList\",\"@id\":\"https:\/\/www.pinypon.es\/nl\/a-la-moda\/#breadcrumb\",\"itemListElement\":[{\"@type\":\"ListItem\",\"position\":1,\"item\":{\"@type\":\"WebPage\",\"@id\":\"https:\/\/www.pinypon.es\/nl\/\",\"url\":\"https:\/\/www.pinypon.es\/nl\/\",\"name\":\"Portada\"}},{\"@type\":\"ListItem\",\"position\":2,\"item\":{\"@type\":\"WebPage\",\"@id\":\"https:\/\/www.pinypon.es\/nl\/a-la-moda\/\",\"url\":\"https:\/\/www.pinypon.es\/nl\/a-la-moda\/\",\"name\":\"A la moda\"}}]}]}<\/script>\n<!-- \/ Yoast SEO plugin. -->","_links":{"self":[{"href":"https:\/\/www.pinypon.es\/nl\/wp-json\/wp\/v2\/pages\/176"}],"collection":[{"href":"https:\/\/www.pinypon.es\/nl\/wp-json\/wp\/v2\/pages"}],"about":[{"href":"https:\/\/www.pinypon.es\/nl\/wp-json\/wp\/v2\/types\/page"}],"author":[{"embeddable":true,"href":"https:\/\/www.pinypon.es\/nl\/wp-json\/wp\/v2\/users\/1"}],"replies":[{"embeddable":true,"href":"https:\/\/www.pinypon.es\/nl\/wp-json\/wp\/v2\/comments?post=176"}],"version-history":[{"count":2,"href":"https:\/\/www.pinypon.es\/nl\/wp-json\/wp\/v2\/pages\/176\/revisions"}],"predecessor-version":[{"id":180,"href":"https:\/\/www.pinypon.es\/nl\/wp-json\/wp\/v2\/pages\/176\/revisions\/180"}],"wp:attachment":[{"href":"https:\/\/www.pinypon.es\/nl\/wp-json\/wp\/v2\/media?parent=176"}],"curies":[{"name":"wp","href":"https:\/\/api.w.org\/{rel}","templated":true}]}}