{"id":145,"date":"2015-10-07T10:07:54","date_gmt":"2015-10-07T10:07:54","guid":{"rendered":"http:\/\/www.pinypon.es\/pt\/?page_id=145"},"modified":"2022-06-13T07:40:21","modified_gmt":"2022-06-13T07:40:21","slug":"atividade","status":"publish","type":"page","link":"https:\/\/www.pinypon.es\/pt\/atividade\/","title":{"rendered":"Atividade"},"content":{"rendered":"<p>Descobre todas as diferentes e divertidas actividades que se podem fazer com Pinypon. H\u00e1 muitos downloads relacionados com as tem\u00e1ticas dos brinquedos Pinypon para que n\u00e3o pares de jogar. Descarrega receitas deliciosas; Guias de trabalhos manuais, materiais para montar uma festa divertida, jogos de mesa e novos acess\u00f3rios para as figuras Pinypon. Descobre como s\u00e3o divertidos os passatempos de Pinypon.<\/p>\n","protected":false},"excerpt":{"rendered":"<p>Descobre todas as diferentes e divertidas actividades que se podem fazer com Pinypon. H\u00e1 muitos downloads relacionados com as tem\u00e1ticas dos brinquedos Pinypon para que n\u00e3o pares de jogar. Descarrega receitas deliciosas; Guias de trabalhos manuais, materiais para montar uma festa divertida, jogos de mesa e novos acess\u00f3rios para as figuras Pinypon. Descobre como s\u00e3o [&hellip;]<\/p>\n","protected":false},"author":1,"featured_media":0,"parent":0,"menu_order":0,"comment_status":"closed","ping_status":"closed","template":"page-actividades.php","meta":[],"yoast_head":"<!-- This site is optimized with the Yoast SEO plugin v16.0.2 - https:\/\/yoast.com\/wordpress\/plugins\/seo\/ -->\n<title>Atividade - Pinypon Portugal<\/title>\n<link rel=\"canonical\" href=\"https:\/\/www.pinypon.es\/pt\/atividade\/\" \/>\n<meta property=\"og:locale\" content=\"pt_PT\" \/>\n<meta property=\"og:type\" content=\"article\" \/>\n<meta property=\"og:title\" content=\"Atividade - Pinypon Portugal\" \/>\n<meta property=\"og:description\" content=\"Descobre todas as diferentes e divertidas actividades que se podem fazer com Pinypon. H\u00e1 muitos downloads relacionados com as tem\u00e1ticas dos brinquedos Pinypon para que n\u00e3o pares de jogar. Descarrega receitas deliciosas; Guias de trabalhos manuais, materiais para montar uma festa divertida, jogos de mesa e novos acess\u00f3rios para as figuras Pinypon. Descobre como s\u00e3o [&hellip;]\" \/>\n<meta property=\"og:url\" content=\"https:\/\/www.pinypon.es\/pt\/atividade\/\" \/>\n<meta property=\"og:site_name\" content=\"Pinypon Portugal\" \/>\n<meta property=\"article:modified_time\" content=\"2022-06-13T07:40:21+00:00\" \/>\n<meta name=\"twitter:card\" content=\"summary\" \/>\n<meta name=\"twitter:label1\" content=\"Tempo estimado de leitura\">\n\t<meta name=\"twitter:data1\" content=\"1 minuto\">\n<script type=\"application\/ld+json\" class=\"yoast-schema-graph\">{\"@context\":\"https:\/\/schema.org\",\"@graph\":[{\"@type\":\"WebSite\",\"@id\":\"https:\/\/www.pinypon.es\/pt\/#website\",\"url\":\"https:\/\/www.pinypon.es\/pt\/\",\"name\":\"Pinypon Portugal\",\"description\":\"Otro sitio realizado con WordPress\",\"potentialAction\":[{\"@type\":\"SearchAction\",\"target\":\"https:\/\/www.pinypon.es\/pt\/?s={search_term_string}\",\"query-input\":\"required name=search_term_string\"}],\"inLanguage\":\"pt-PT\"},{\"@type\":\"WebPage\",\"@id\":\"https:\/\/www.pinypon.es\/pt\/atividade\/#webpage\",\"url\":\"https:\/\/www.pinypon.es\/pt\/atividade\/\",\"name\":\"Atividade - Pinypon Portugal\",\"isPartOf\":{\"@id\":\"https:\/\/www.pinypon.es\/pt\/#website\"},\"datePublished\":\"2015-10-07T10:07:54+00:00\",\"dateModified\":\"2022-06-13T07:40:21+00:00\",\"breadcrumb\":{\"@id\":\"https:\/\/www.pinypon.es\/pt\/atividade\/#breadcrumb\"},\"inLanguage\":\"pt-PT\",\"potentialAction\":[{\"@type\":\"ReadAction\",\"target\":[\"https:\/\/www.pinypon.es\/pt\/atividade\/\"]}]},{\"@type\":\"BreadcrumbList\",\"@id\":\"https:\/\/www.pinypon.es\/pt\/atividade\/#breadcrumb\",\"itemListElement\":[{\"@type\":\"ListItem\",\"position\":1,\"item\":{\"@type\":\"WebPage\",\"@id\":\"https:\/\/www.pinypon.es\/pt\/\",\"url\":\"https:\/\/www.pinypon.es\/pt\/\",\"name\":\"Portada\"}},{\"@type\":\"ListItem\",\"position\":2,\"item\":{\"@type\":\"WebPage\",\"@id\":\"https:\/\/www.pinypon.es\/pt\/atividade\/\",\"url\":\"https:\/\/www.pinypon.es\/pt\/atividade\/\",\"name\":\"Atividade\"}}]}]}<\/script>\n<!-- \/ Yoast SEO plugin. -->","_links":{"self":[{"href":"https:\/\/www.pinypon.es\/pt\/wp-json\/wp\/v2\/pages\/145"}],"collection":[{"href":"https:\/\/www.pinypon.es\/pt\/wp-json\/wp\/v2\/pages"}],"about":[{"href":"https:\/\/www.pinypon.es\/pt\/wp-json\/wp\/v2\/types\/page"}],"author":[{"embeddable":true,"href":"https:\/\/www.pinypon.es\/pt\/wp-json\/wp\/v2\/users\/1"}],"replies":[{"embeddable":true,"href":"https:\/\/www.pinypon.es\/pt\/wp-json\/wp\/v2\/comments?post=145"}],"version-history":[{"count":7,"href":"https:\/\/www.pinypon.es\/pt\/wp-json\/wp\/v2\/pages\/145\/revisions"}],"predecessor-version":[{"id":1958,"href":"https:\/\/www.pinypon.es\/pt\/wp-json\/wp\/v2\/pages\/145\/revisions\/1958"}],"wp:attachment":[{"href":"https:\/\/www.pinypon.es\/pt\/wp-json\/wp\/v2\/media?parent=145"}],"curies":[{"name":"wp","href":"https:\/\/api.w.org\/{rel}","templated":true}]}}