{"id":340,"date":"2015-10-13T09:31:28","date_gmt":"2015-10-13T09:31:28","guid":{"rendered":"http:\/\/www.pinypon.es\/pt\/?page_id=340"},"modified":"2022-06-13T07:45:59","modified_gmt":"2022-06-13T07:45:59","slug":"zona-pais","status":"publish","type":"page","link":"https:\/\/www.pinypon.es\/pt\/zona-pais\/","title":{"rendered":"Zona Pais"},"content":{"rendered":"<div class=\"titulo\" style=\"color:#009fe3\">Perguntas frequentes<\/div>\n<div class=\"col1\"><\/p>\n<p><div class=\"desplegar\" id=\"desplegar_1\"><div class=\"izquierda\"><div class=\"wrap_boton\"><a href=\"javascript:void(0)\" onclick=\"desplegar(1)\" class=\"boton small padding azulclaro\">+<\/a><\/div><\/div><div class=\"derecha\"><div class=\"tit\">Pinypon e Pinypon Action s\u00e3o marcas espanholas??<\/div><div class=\"cont\" style=\"display:block\">Era uma vez um grupo de fabricantes de brinquedos&#8230; que em 1957 se juntaram para fundar a Famosa. Mais de meio s\u00e9culo depois da sua funda\u00e7\u00e3o, a Famosa continua a ser a primeira empresa espanhola fabricante de brinquedos. Falar da Famosa \u00e9 falar de tradi\u00e7\u00e3o, inova\u00e7\u00e3o e qualidade. E \u00e9 sobretudo falar de brinquedos, muita divers\u00e3o, aprendizagem e, claro, crian\u00e7as! As crian\u00e7as que brincaram com os nossos brinquedos e que agora, s\u00e3o pais e m\u00e3es, s\u00f3 querem o melhor para os seus filhos.<\/div><\/div><div class=\"clear\"><\/div><\/div><\/p>\n<p><div class=\"desplegar\" id=\"desplegar_2\"><div class=\"izquierda\"><div class=\"wrap_boton\"><a href=\"javascript:void(0)\" onclick=\"desplegar(2)\" class=\"boton small padding azulclaro\">+<\/a><\/div><\/div><div class=\"derecha\"><div class=\"tit\">As crian\u00e7as podem brincar com Pinypon e Pinypon Action a partir de que idade?<\/div><div class=\"cont\" style=\"display:none\">Estes brinquedos s\u00e3o especialmente desenvolvidos para meninos e meninas a partir dos 4 anos. A sua utiliza\u00e7\u00e3o n\u00e3o \u00e9 recomendada para crian\u00e7as mais pequenas uma vez que cont\u00eam pe\u00e7as pequenas que podem ser ingeridas.<\/div><\/div><div class=\"clear\"><\/div><\/div><\/p>\n<p><div class=\"desplegar\" id=\"desplegar_3\"><div class=\"izquierda\"><div class=\"wrap_boton\"><a href=\"javascript:void(0)\" onclick=\"desplegar(3)\" class=\"boton small padding azulclaro\">+<\/a><\/div><\/div><div class=\"derecha\"><div class=\"tit\">Onde se podem comprar?<\/div><div class=\"cont\" style=\"display:none\">Estas marcas incluem v\u00e1rios complementos e acess\u00f3rios que se podem adquirir em todas as lojas de brinquedos ou sec\u00e7\u00f5es de brinquedos dos supermercados.<\/div><\/div><div class=\"clear\"><\/div><\/div><\/p>\n<p><div class=\"desplegar\" id=\"desplegar_4\"><div class=\"izquierda\"><div class=\"wrap_boton\"><a href=\"javascript:void(0)\" onclick=\"desplegar(4)\" class=\"boton small padding azulclaro\">+<\/a><\/div><\/div><div class=\"derecha\"><div class=\"tit\">Que valores aprendem as crian\u00e7as ao brincar com eles?<\/div><div class=\"cont\" style=\"display:none\">Para al\u00e9m do seu fim l\u00fadico, Pinypon e Pinypon Action permitem desenvolver a sociabilidade dos meninos e meninas. S\u00e3o brinquedos com os quais se podem entreter individualmente, mas tamb\u00e9m em grupo, desfrutando da companhia de outras crian\u00e7as e fazendo amigos, trocando complementos e acess\u00f3rios, inventando hist\u00f3rias juntos e rindo juntos&#8230; desenvolvendo a sua imagina\u00e7\u00e3o. As figuras e os seus acess\u00f3rios permitem brincar de mil e uma maneiras e a divers\u00e3o est\u00e1 garantida durante horas. Com eles as crian\u00e7as podem tamb\u00e9m desempenhar diferentes pap\u00e9is de adultos pois podem conduzir, cozinhar, cuidar das mascotes&#8230; e viver muitas experi\u00eancias que aspiram e que os ajudam a crescer.<\/div><\/div><div class=\"clear\"><\/div><\/div><\/p>\n<p><\/div>\n<div class=\"col2\" style=\"padding-top:0px\"><\/p>\n<p><div class=\"desplegar\" id=\"desplegar_5\"><div class=\"izquierda\"><div class=\"wrap_boton\"><a href=\"javascript:void(0)\" onclick=\"desplegar(5)\" class=\"boton small padding azulclaro\">+<\/a><\/div><\/div><div class=\"derecha\"><div class=\"tit\">Quantos Pinypon e Pinypon Action existem?<\/div><div class=\"cont\" style=\"display:none\">Uiii! H\u00e1 muitos, muit\u00edssimos: h\u00e1 rapazes e raparigas, com cabelo amarelo, rosa, azul, roxo&#8230; Pol\u00edcias, bombeiros, m\u00e9dicos, pilotos\u2026Para al\u00e9m disso, as possibilidades multiplicam-se porque podes trocar o cabelo, a roupa e os acess\u00f3rios! E podes compr\u00e1-los em packs surpresa, packs individuais, packs duplos, packs com mascote&#8230; de maneira a poderes colecion\u00e1-los ao teu ritmo.<\/div><\/div><div class=\"clear\"><\/div><\/div><\/p>\n<p><div class=\"desplegar\" id=\"desplegar_6\"><div class=\"izquierda\"><div class=\"wrap_boton\"><a href=\"javascript:void(0)\" onclick=\"desplegar(6)\" class=\"boton small padding azulclaro\">+<\/a><\/div><\/div><div class=\"derecha\"><div class=\"tit\">Porque \u00e9 que Pinypon e Pinypon Action s\u00e3o ideais?<\/div><div class=\"cont\" style=\"display:none\">Ideais pela sua qualidade: desenhados e fabricados pensando sempre nas crian\u00e7as, tendo em aten\u00e7\u00e3o cada detalhe como todos os brinquedos da Famosa. Ideais pelo seu tamanho: f\u00e1ceis de manipular perfeitos para uma amplo leque de idades e c\u00f3modos para se transportarem para qualquer lugar. Ideais por serem intercambi\u00e1veis: as figuras podem trocar entre si a roupa, o cabelo e os acess\u00f3rios. Ideais pela sua variedade: muitas figuras diferentes, acess\u00f3rios, mascotes&#8230; Ideais pelo seu estilo: atual, divertido e esse toque t\u00e3o&#8230; t\u00e3o&#8230; t\u00e3o ideal!<\/div><\/div><div class=\"clear\"><\/div><\/div><\/p>\n<p><div class=\"desplegar\" id=\"desplegar_7\"><div class=\"izquierda\"><div class=\"wrap_boton\"><a href=\"javascript:void(0)\" onclick=\"desplegar(7)\" class=\"boton small padding azulclaro\">+<\/a><\/div><\/div><div class=\"derecha\"><div class=\"tit\">Quem s\u00e3o os Pinypon e Pinypon Action?<\/div><div class=\"cont\" style=\"display:none\"><\/p>\n<p>A marca Pinypon alcan\u00e7ou uma elevad\u00edssima notoriedade nos anos 80 e 90 que permanece entre os pais nos dias de hoje. No entanto, ao longo dos anos, os gostos das crian\u00e7as v\u00e3o mudando e&#8230; em 2009 a Famosa relan\u00e7ou a marca com sucesso! E como cada vez mais eram exigidas mais novidades e mais variedade, em 2018, \u00e9 lan\u00e7ada uma nova marca cheia de aventuras, a Pinypon Action!<\/p>\n<p><\/div><\/div><div class=\"clear\"><\/div><\/div><\/p>\n<p><\/div>\n<div class=\"clear\"><\/div>\n","protected":false},"excerpt":{"rendered":"","protected":false},"author":1,"featured_media":0,"parent":0,"menu_order":0,"comment_status":"closed","ping_status":"closed","template":"page-zonapadres.php","meta":[],"yoast_head":"<!-- This site is optimized with the Yoast SEO plugin v16.0.2 - https:\/\/yoast.com\/wordpress\/plugins\/seo\/ -->\n<title>Zona Pais - Pinypon Portugal<\/title>\n<meta name=\"description\" content=\"Zona Pais Pinypon Portugal\" \/>\n<link rel=\"canonical\" href=\"https:\/\/www.pinypon.es\/pt\/zona-pais\/\" \/>\n<meta property=\"og:locale\" content=\"pt_PT\" \/>\n<meta property=\"og:type\" content=\"article\" \/>\n<meta property=\"og:title\" content=\"Zona Pais - Pinypon Portugal\" \/>\n<meta property=\"og:description\" content=\"Zona Pais Pinypon Portugal\" \/>\n<meta property=\"og:url\" content=\"https:\/\/www.pinypon.es\/pt\/zona-pais\/\" \/>\n<meta property=\"og:site_name\" content=\"Pinypon Portugal\" \/>\n<meta property=\"article:modified_time\" content=\"2022-06-13T07:45:59+00:00\" \/>\n<meta name=\"twitter:card\" content=\"summary\" \/>\n<meta name=\"twitter:label1\" content=\"Tempo estimado de leitura\">\n\t<meta name=\"twitter:data1\" content=\"3 minutos\">\n<script type=\"application\/ld+json\" class=\"yoast-schema-graph\">{\"@context\":\"https:\/\/schema.org\",\"@graph\":[{\"@type\":\"WebSite\",\"@id\":\"https:\/\/www.pinypon.es\/pt\/#website\",\"url\":\"https:\/\/www.pinypon.es\/pt\/\",\"name\":\"Pinypon Portugal\",\"description\":\"Otro sitio realizado con WordPress\",\"potentialAction\":[{\"@type\":\"SearchAction\",\"target\":\"https:\/\/www.pinypon.es\/pt\/?s={search_term_string}\",\"query-input\":\"required name=search_term_string\"}],\"inLanguage\":\"pt-PT\"},{\"@type\":\"WebPage\",\"@id\":\"https:\/\/www.pinypon.es\/pt\/zona-pais\/#webpage\",\"url\":\"https:\/\/www.pinypon.es\/pt\/zona-pais\/\",\"name\":\"Zona Pais - Pinypon Portugal\",\"isPartOf\":{\"@id\":\"https:\/\/www.pinypon.es\/pt\/#website\"},\"datePublished\":\"2015-10-13T09:31:28+00:00\",\"dateModified\":\"2022-06-13T07:45:59+00:00\",\"description\":\"Zona Pais Pinypon Portugal\",\"breadcrumb\":{\"@id\":\"https:\/\/www.pinypon.es\/pt\/zona-pais\/#breadcrumb\"},\"inLanguage\":\"pt-PT\",\"potentialAction\":[{\"@type\":\"ReadAction\",\"target\":[\"https:\/\/www.pinypon.es\/pt\/zona-pais\/\"]}]},{\"@type\":\"BreadcrumbList\",\"@id\":\"https:\/\/www.pinypon.es\/pt\/zona-pais\/#breadcrumb\",\"itemListElement\":[{\"@type\":\"ListItem\",\"position\":1,\"item\":{\"@type\":\"WebPage\",\"@id\":\"https:\/\/www.pinypon.es\/pt\/\",\"url\":\"https:\/\/www.pinypon.es\/pt\/\",\"name\":\"Portada\"}},{\"@type\":\"ListItem\",\"position\":2,\"item\":{\"@type\":\"WebPage\",\"@id\":\"https:\/\/www.pinypon.es\/pt\/zona-pais\/\",\"url\":\"https:\/\/www.pinypon.es\/pt\/zona-pais\/\",\"name\":\"Zona Pais\"}}]}]}<\/script>\n<!-- \/ Yoast SEO plugin. -->","_links":{"self":[{"href":"https:\/\/www.pinypon.es\/pt\/wp-json\/wp\/v2\/pages\/340"}],"collection":[{"href":"https:\/\/www.pinypon.es\/pt\/wp-json\/wp\/v2\/pages"}],"about":[{"href":"https:\/\/www.pinypon.es\/pt\/wp-json\/wp\/v2\/types\/page"}],"author":[{"embeddable":true,"href":"https:\/\/www.pinypon.es\/pt\/wp-json\/wp\/v2\/users\/1"}],"replies":[{"embeddable":true,"href":"https:\/\/www.pinypon.es\/pt\/wp-json\/wp\/v2\/comments?post=340"}],"version-history":[{"count":10,"href":"https:\/\/www.pinypon.es\/pt\/wp-json\/wp\/v2\/pages\/340\/revisions"}],"predecessor-version":[{"id":1967,"href":"https:\/\/www.pinypon.es\/pt\/wp-json\/wp\/v2\/pages\/340\/revisions\/1967"}],"wp:attachment":[{"href":"https:\/\/www.pinypon.es\/pt\/wp-json\/wp\/v2\/media?parent=340"}],"curies":[{"name":"wp","href":"https:\/\/api.w.org\/{rel}","templated":true}]}}